{"id":43941,"date":"2026-05-04T13:54:06","date_gmt":"2026-05-04T11:54:06","guid":{"rendered":"https:\/\/maedchenchor-hannover.de\/?page_id=43941"},"modified":"2026-05-04T14:02:20","modified_gmt":"2026-05-04T12:02:20","slug":"der-chor-4","status":"publish","type":"page","link":"https:\/\/maedchenchor-hannover.de\/?page_id=43941","title":{"rendered":"Stellenausschreibung StiBi"},"content":{"rendered":"\t\t<div data-elementor-type=\"wp-post\" data-elementor-id=\"43941\" class=\"elementor elementor-43941\">\n\t\t\t\t\t\t<section class=\"elementor-section elementor-top-section elementor-element elementor-element-1c927371 elementor-section-boxed elementor-section-height-default elementor-section-height-default\" data-id=\"1c927371\" data-element_type=\"section\" data-e-type=\"section\">\n\t\t\t\t\t\t<div class=\"elementor-container elementor-column-gap-default\">\n\t\t\t\t\t<div class=\"elementor-column elementor-col-33 elementor-top-column elementor-element elementor-element-13fe9db9\" data-id=\"13fe9db9\" data-element_type=\"column\" data-e-type=\"column\" data-settings=\"{&quot;background_background&quot;:&quot;classic&quot;}\">\n\t\t\t<div class=\"elementor-widget-wrap elementor-element-populated\">\n\t\t\t\t\t\t<div class=\"elementor-element elementor-element-772a0ac3 elementor-widget__width-initial elementor-widget elementor-widget-heading\" data-id=\"772a0ac3\" data-element_type=\"widget\" data-e-type=\"widget\" data-widget_type=\"heading.default\">\n\t\t\t\t<div class=\"elementor-widget-container\">\n\t\t\t\t\t<h4 class=\"elementor-heading-title elementor-size-default\">Chor- u. Singschule<\/h4>\t\t\t\t<\/div>\n\t\t\t\t<\/div>\n\t\t\t\t\t<\/div>\n\t\t<\/div>\n\t\t\t\t<div class=\"elementor-column elementor-col-33 elementor-top-column elementor-element elementor-element-8c7001f\" data-id=\"8c7001f\" data-element_type=\"column\" data-e-type=\"column\" data-settings=\"{&quot;background_background&quot;:&quot;classic&quot;}\">\n\t\t\t<div class=\"elementor-widget-wrap\">\n\t\t\t\t\t\t\t<\/div>\n\t\t<\/div>\n\t\t\t\t<div class=\"elementor-column elementor-col-33 elementor-top-column elementor-element elementor-element-ec13e64\" data-id=\"ec13e64\" data-element_type=\"column\" data-e-type=\"column\" data-settings=\"{&quot;background_background&quot;:&quot;classic&quot;}\">\n\t\t\t<div class=\"elementor-widget-wrap\">\n\t\t\t\t\t\t\t<\/div>\n\t\t<\/div>\n\t\t\t\t\t<\/div>\n\t\t<\/section>\n\t\t\t\t<section class=\"elementor-section elementor-top-section elementor-element elementor-element-5d52dfd elementor-section-boxed elementor-section-height-default elementor-section-height-default\" data-id=\"5d52dfd\" data-element_type=\"section\" data-e-type=\"section\">\n\t\t\t\t\t\t<div class=\"elementor-container elementor-column-gap-no\">\n\t\t\t\t\t<div class=\"elementor-column elementor-col-100 elementor-top-column elementor-element elementor-element-421dddb5\" data-id=\"421dddb5\" data-element_type=\"column\" data-e-type=\"column\">\n\t\t\t<div class=\"elementor-widget-wrap elementor-element-populated\">\n\t\t\t\t\t\t<div class=\"elementor-element elementor-element-63d5ae3f elementor-widget elementor-widget-eael-adv-tabs\" data-id=\"63d5ae3f\" data-element_type=\"widget\" data-e-type=\"widget\" data-widget_type=\"eael-adv-tabs.default\">\n\t\t\t\t<div class=\"elementor-widget-container\">\n\t\t\t\t\t        <div data-scroll-on-click=\"no\" data-scroll-speed=\"300\" id=\"eael-advance-tabs-63d5ae3f\" class=\"eael-advance-tabs eael-tabs-horizontal eael-tab-auto-active \" data-tabid=\"63d5ae3f\">\n            <div class=\"eael-tabs-nav \">\n                <ul class=\"\" role=\"tablist\">\n                                            <li id=\"stellenausschreibung-strongstimmbildnerin-stronghonorarbasis\" class=\"inactive eael-tab-item-trigger eael-tab-nav-item\" aria-selected=\"true\" data-tab=\"1\" role=\"tab\" tabindex=\"0\" aria-controls=\"stellenausschreibung-strongstimmbildnerin-stronghonorarbasis-tab\" aria-expanded=\"false\">\n                            \n                            \n                            \n                                                            <span class=\"eael-tab-title title-after-icon\" >Stellenausschreibung <strong>STIMMBILDNER\/IN <\/strong>(HONORARBASIS)<\/span>                                                    <\/li>\n                    \n                                  <\/ul>\n            <\/div>\n            \n            <div class=\"eael-tabs-content\">\n\t\t        \n                    <div id=\"stellenausschreibung-strongstimmbildnerin-stronghonorarbasis-tab\" class=\"clearfix eael-tab-content-item inactive\" data-title-link=\"stellenausschreibung-strongstimmbildnerin-stronghonorarbasis-tab\">\n\t\t\t\t        <p>Der M\u00e4dchenchor Hannover z\u00e4hlt zu den renommiertesten M\u00e4dchench\u00f6ren Deutschlands und steht f\u00fcr eine hochwertige musikalische Ausbildung, stilistische Vielfalt sowie internationale Konzertt\u00e4tigkeit. Eine altersgerechte und stimmgesunde Stimmbildung ist ein zentraler Bestandteil der chorischen Arbeit.<\/p><p>Zum n\u00e4chstm\u00f6glichen Zeitpunkt suchen wir eine fachlich qualifizierte und engagierte Pers\u00f6nlichkeit f\u00fcr die stimmbildnerische Arbeit mit Kinder- und Jugendstimmen.<\/p><h3>Ihre Aufgaben<\/h3><ul><li>Stimmbildung f\u00fcr S\u00e4ngerinnen verschiedener Alters- und Entwicklungsstufen<\/li><li>Arbeit mit Einzelstimmen, Kleingruppen und\/oder Stimmgruppen<\/li><li>Altersgerechte und stimmgesunde Entwicklung der Stimme<\/li><li>Sensibler Umgang mit stimmlichen Entwicklungsphasen (u. a. Vorpubert\u00e4t und Pubert\u00e4t)<\/li><li>Enge Zusammenarbeit mit der k\u00fcnstlerischen Leitung sowie dem Stimmbildungsteam<\/li><li>Vorbereitung der S\u00e4ngerinnen auf Proben, Konzerte und Tourneen<\/li><\/ul><h3>Ihr Profil<\/h3><ul><li>Abgeschlossenes Hochschulstudium im Bereich Gesang und\/oder Gesangsp\u00e4dagogik<\/li><li>Nachgewiesene Praxiserfahrung in der Stimmbildung mit Kindern und Jugendlichen<\/li><li>Durch praktische Erfahrung belegte p\u00e4dagogische Eignung<\/li><li>Fundierte Kenntnisse der Kinder- und Jugendstimme sowie stimmphysiologischer Grundlagen<\/li><li>Zuverl\u00e4ssigkeit und Teamf\u00e4higkeit<\/li><li>Begeisterung f\u00fcr die Arbeit in einem leistungsorientierten k\u00fcnstlerischen Umfeld<\/li><\/ul><h3>Wir bieten<\/h3><ul><li>Mitarbeit in einem international renommierten Chor<\/li><li>Eine verantwortungsvolle und abwechslungsreiche T\u00e4tigkeit<\/li><li>Zusammenarbeit in einem k\u00fcnstlerisch engagierten, professionellen Team<\/li><li>Verg\u00fctung auf Honorarbasis (nach Vereinbarung)<\/li><li>Flexible Arbeitszeiten<\/li><li>Langfristige Zusammenarbeit angestrebt<\/li><\/ul><p>Wir freuen uns \u00fcber Ihre aussagekr\u00e4ftige Bewerbung mit kurzem Lebenslauf und relevanten Nachweisen.<\/p><p>Kontakt\/E-Mail-Adresse: info@maedchenchor-hannover.de<br \/>Bewerbungsschluss: 22.05.2026<\/p>                    <\/div>\n\t\t                    <\/div>\n        <\/div>\n\t\t\t\t<\/div>\n\t\t\t\t<\/div>\n\t\t\t\t\t<\/div>\n\t\t<\/div>\n\t\t\t\t\t<\/div>\n\t\t<\/section>\n\t\t\t\t<\/div>\n\t\t","protected":false},"excerpt":{"rendered":"<p>Chor- u. Singschule Stellenausschreibung STIMMBILDNER\/IN (HONORARBASIS) Der M\u00e4dchenchor Hannover z\u00e4hlt [&hellip;]<\/p>\n","protected":false},"author":1,"featured_media":0,"parent":0,"menu_order":0,"comment_status":"closed","ping_status":"closed","template":"page-templates\/page_fullwidth.php","meta":{"footnotes":""},"class_list":["post-43941","page","type-page","status-publish","hentry"],"_links":{"self":[{"href":"https:\/\/maedchenchor-hannover.de\/index.php?rest_route=\/wp\/v2\/pages\/43941","targetHints":{"allow":["GET"]}}],"collection":[{"href":"https:\/\/maedchenchor-hannover.de\/index.php?rest_route=\/wp\/v2\/pages"}],"about":[{"href":"https:\/\/maedchenchor-hannover.de\/index.php?rest_route=\/wp\/v2\/types\/page"}],"author":[{"embeddable":true,"href":"https:\/\/maedchenchor-hannover.de\/index.php?rest_route=\/wp\/v2\/users\/1"}],"replies":[{"embeddable":true,"href":"https:\/\/maedchenchor-hannover.de\/index.php?rest_route=%2Fwp%2Fv2%2Fcomments&post=43941"}],"version-history":[{"count":7,"href":"https:\/\/maedchenchor-hannover.de\/index.php?rest_route=\/wp\/v2\/pages\/43941\/revisions"}],"predecessor-version":[{"id":43948,"href":"https:\/\/maedchenchor-hannover.de\/index.php?rest_route=\/wp\/v2\/pages\/43941\/revisions\/43948"}],"wp:attachment":[{"href":"https:\/\/maedchenchor-hannover.de\/index.php?rest_route=%2Fwp%2Fv2%2Fmedia&parent=43941"}],"curies":[{"name":"wp","href":"https:\/\/api.w.org\/{rel}","templated":true}]}}