{"id":32634,"date":"2023-03-21T08:56:06","date_gmt":"2023-03-21T07:56:06","guid":{"rendered":"https:\/\/maedchenchor-hannover.de\/?page_id=32634"},"modified":"2024-02-22T09:06:36","modified_gmt":"2024-02-22T08:06:36","slug":"chormaedchen-werden-2-2-2-2-2","status":"publish","type":"page","link":"https:\/\/maedchenchor-hannover.de\/?page_id=32634","title":{"rendered":"Chorm\u00e4dchen-werden-2024"},"content":{"rendered":"\t\t<div data-elementor-type=\"wp-post\" data-elementor-id=\"32634\" class=\"elementor elementor-32634\">\n\t\t\t\t\t\t<section class=\"elementor-section elementor-top-section elementor-element elementor-element-2afe0b6 elementor-section-boxed elementor-section-height-default elementor-section-height-default\" data-id=\"2afe0b6\" data-element_type=\"section\" data-e-type=\"section\">\n\t\t\t\t\t\t<div class=\"elementor-container elementor-column-gap-default\">\n\t\t\t\t\t<div class=\"elementor-column elementor-col-66 elementor-top-column elementor-element elementor-element-8f05b4b\" data-id=\"8f05b4b\" data-element_type=\"column\" data-e-type=\"column\">\n\t\t\t<div class=\"elementor-widget-wrap elementor-element-populated\">\n\t\t\t\t\t\t<div class=\"elementor-element elementor-element-aebd70d elementor-widget elementor-widget-text-editor\" data-id=\"aebd70d\" data-element_type=\"widget\" data-e-type=\"widget\" data-widget_type=\"text-editor.default\">\n\t\t\t\t<div class=\"elementor-widget-container\">\n\t\t\t\t\t\t\t\t\t<h2 style=\"text-align: center;\"><em><span style=\"color: #ff0000; font-size: 1.2em;\"><strong>Sing&#8216; mit im M\u00e4dchenchor Hannover!<\/strong><\/span><\/em><\/h2>\t\t\t\t\t\t\t\t<\/div>\n\t\t\t\t<\/div>\n\t\t\t\t\t<\/div>\n\t\t<\/div>\n\t\t\t\t<div class=\"elementor-column elementor-col-33 elementor-top-column elementor-element elementor-element-c1783fb\" data-id=\"c1783fb\" data-element_type=\"column\" data-e-type=\"column\" data-settings=\"{&quot;background_background&quot;:&quot;classic&quot;}\">\n\t\t\t<div class=\"elementor-widget-wrap\">\n\t\t\t\t\t\t\t<\/div>\n\t\t<\/div>\n\t\t\t\t\t<\/div>\n\t\t<\/section>\n\t\t\t\t<section class=\"elementor-section elementor-top-section elementor-element elementor-element-d31af2e elementor-section-boxed elementor-section-height-default elementor-section-height-default\" data-id=\"d31af2e\" data-element_type=\"section\" data-e-type=\"section\">\n\t\t\t\t\t\t<div class=\"elementor-container elementor-column-gap-default\">\n\t\t\t\t\t<div class=\"elementor-column elementor-col-66 elementor-top-column elementor-element elementor-element-22843ba\" data-id=\"22843ba\" data-element_type=\"column\" data-e-type=\"column\">\n\t\t\t<div class=\"elementor-widget-wrap elementor-element-populated\">\n\t\t\t\t\t\t<div class=\"elementor-element elementor-element-de818ed elementor-widget elementor-widget-text-editor\" data-id=\"de818ed\" data-element_type=\"widget\" data-e-type=\"widget\" data-widget_type=\"text-editor.default\">\n\t\t\t\t<div class=\"elementor-widget-container\">\n\t\t\t\t\t\t\t\t\t<p style=\"text-align: right;\"><a href=\"https:\/\/maedchenchor-hannover.de\/wp-content\/uploads\/FlyerAufnahmepruefung2024sin.pdf\" target=\"_blank\" rel=\"noopener\"><span style=\"text-decoration: underline;\"><span style=\"color: #d83535; font-size: 1.1em; text-decoration: underline;\">FLYER &#8222;Info zum Vorsingen 2024&#8220; ALS PDF<\/span><\/span><\/a><strong><span style=\"color: #000000;\">\n<\/span><\/strong><\/p>\t\t\t\t\t\t\t\t<\/div>\n\t\t\t\t<\/div>\n\t\t\t\t\t<\/div>\n\t\t<\/div>\n\t\t\t\t<div class=\"elementor-column elementor-col-33 elementor-top-column elementor-element elementor-element-aa4f194\" data-id=\"aa4f194\" data-element_type=\"column\" data-e-type=\"column\" data-settings=\"{&quot;background_background&quot;:&quot;classic&quot;}\">\n\t\t\t<div class=\"elementor-widget-wrap\">\n\t\t\t\t\t\t\t<\/div>\n\t\t<\/div>\n\t\t\t\t\t<\/div>\n\t\t<\/section>\n\t\t\t\t<section class=\"elementor-section elementor-top-section elementor-element elementor-element-fa18fa0 elementor-section-boxed elementor-section-height-default elementor-section-height-default\" data-id=\"fa18fa0\" data-element_type=\"section\" data-e-type=\"section\">\n\t\t\t\t\t\t<div class=\"elementor-container elementor-column-gap-default\">\n\t\t\t\t\t<div class=\"elementor-column elementor-col-100 elementor-top-column elementor-element elementor-element-0cb3dab\" data-id=\"0cb3dab\" data-element_type=\"column\" data-e-type=\"column\">\n\t\t\t<div class=\"elementor-widget-wrap elementor-element-populated\">\n\t\t\t\t\t\t<div class=\"elementor-element elementor-element-1054f93 elementor-widget elementor-widget-image\" data-id=\"1054f93\" data-element_type=\"widget\" data-e-type=\"widget\" data-widget_type=\"image.default\">\n\t\t\t\t<div class=\"elementor-widget-container\">\n\t\t\t\t\t\t\t\t\t\t\t\t\t\t\t<img fetchpriority=\"high\" decoding=\"async\" width=\"1000\" height=\"395\" src=\"https:\/\/maedchenchor-hannover.de\/wp-content\/uploads\/vorgruppen2023.jpg\" class=\"attachment-large size-large wp-image-37692\" alt=\"\" srcset=\"https:\/\/maedchenchor-hannover.de\/wp-content\/uploads\/vorgruppen2023.jpg 1000w, https:\/\/maedchenchor-hannover.de\/wp-content\/uploads\/vorgruppen2023-300x119.jpg 300w, https:\/\/maedchenchor-hannover.de\/wp-content\/uploads\/vorgruppen2023-150x59.jpg 150w, https:\/\/maedchenchor-hannover.de\/wp-content\/uploads\/vorgruppen2023-768x303.jpg 768w, https:\/\/maedchenchor-hannover.de\/wp-content\/uploads\/vorgruppen2023-230x91.jpg 230w, https:\/\/maedchenchor-hannover.de\/wp-content\/uploads\/vorgruppen2023-350x138.jpg 350w, https:\/\/maedchenchor-hannover.de\/wp-content\/uploads\/vorgruppen2023-480x190.jpg 480w\" sizes=\"(max-width: 1000px) 100vw, 1000px\" \/>\t\t\t\t\t\t\t\t\t\t\t\t\t\t\t<\/div>\n\t\t\t\t<\/div>\n\t\t\t\t\t<\/div>\n\t\t<\/div>\n\t\t\t\t\t<\/div>\n\t\t<\/section>\n\t\t\t\t<section class=\"elementor-section elementor-top-section elementor-element elementor-element-3defba6 elementor-section-boxed elementor-section-height-default elementor-section-height-default\" data-id=\"3defba6\" data-element_type=\"section\" data-e-type=\"section\">\n\t\t\t\t\t\t<div class=\"elementor-container elementor-column-gap-default\">\n\t\t\t\t\t<div class=\"elementor-column elementor-col-66 elementor-top-column elementor-element elementor-element-3396815\" data-id=\"3396815\" data-element_type=\"column\" data-e-type=\"column\">\n\t\t\t<div class=\"elementor-widget-wrap elementor-element-populated\">\n\t\t\t\t\t\t<div class=\"elementor-element elementor-element-242b6fa elementor-widget elementor-widget-text-editor\" data-id=\"242b6fa\" data-element_type=\"widget\" data-e-type=\"widget\" data-widget_type=\"text-editor.default\">\n\t\t\t\t<div class=\"elementor-widget-container\">\n\t\t\t\t\t\t\t\t\t<h2><span style=\"color: #ff0000;\"><em>VORSINGEN<\/em><\/span><\/h2><p><span style=\"color: #000000; font-size: 1.1em;\">Interessierte M\u00e4dchen <strong>ab 7 Jahren<\/strong> haben die M\u00f6glichkeit, f\u00fcr die Aufnahme in einer der Chorgruppen des M\u00e4dchenchors <strong>vorzusingen<\/strong>. Jedes M\u00e4dchen ab 7 Jahren\u00a0 kann mitmachen! Du darfst ein Lied deiner Wahl vortragen. Die Mitarbeiter des Chores stehen bereit, um zuzuh\u00f6ren und einen Eindruck von deiner Stimme zu bekommen. Du brauchst nur mitzubringen: <strong>Freude am Singen<\/strong> und\u00a0 <strong>dein Lieblingslied<\/strong>. <br \/><\/span><\/p>\t\t\t\t\t\t\t\t<\/div>\n\t\t\t\t<\/div>\n\t\t\t\t\t<\/div>\n\t\t<\/div>\n\t\t\t\t<div class=\"elementor-column elementor-col-33 elementor-top-column elementor-element elementor-element-c047457\" data-id=\"c047457\" data-element_type=\"column\" data-e-type=\"column\" data-settings=\"{&quot;background_background&quot;:&quot;classic&quot;}\">\n\t\t\t<div class=\"elementor-widget-wrap\">\n\t\t\t\t\t\t\t<\/div>\n\t\t<\/div>\n\t\t\t\t\t<\/div>\n\t\t<\/section>\n\t\t\t\t<section class=\"elementor-section elementor-top-section elementor-element elementor-element-27a4e62 elementor-section-boxed elementor-section-height-default elementor-section-height-default\" data-id=\"27a4e62\" data-element_type=\"section\" data-e-type=\"section\">\n\t\t\t\t\t\t<div class=\"elementor-container elementor-column-gap-default\">\n\t\t\t\t\t<div class=\"elementor-column elementor-col-66 elementor-top-column elementor-element elementor-element-a10dbde\" data-id=\"a10dbde\" data-element_type=\"column\" data-e-type=\"column\">\n\t\t\t<div class=\"elementor-widget-wrap elementor-element-populated\">\n\t\t\t\t\t\t<div class=\"elementor-element elementor-element-63735b1 elementor-widget elementor-widget-text-editor\" data-id=\"63735b1\" data-element_type=\"widget\" data-e-type=\"widget\" data-widget_type=\"text-editor.default\">\n\t\t\t\t<div class=\"elementor-widget-container\">\n\t\t\t\t\t\t\t\t\t<h2><span style=\"color: #ff0000;\"><em>SCHNUPPERPROBE<\/em><\/span><\/h2><p>Um einmal mitzubekommen, wie eine Chorprobe eigentlich abl\u00e4uft, sind alle interessierten M\u00e4dchen eingeladen, einmal vorbeizukommen und zu &#8222;schnuppern&#8220;. Das ist nat\u00fcrlich auch kostenlos und unverbindlich! Die Schnupperprobe findet in der Regel ein Woche vor dem Vorsingen statt (siehe auch gleich unten &#8222;TERMINE 2024&#8220;).<\/p>\t\t\t\t\t\t\t\t<\/div>\n\t\t\t\t<\/div>\n\t\t\t\t\t<\/div>\n\t\t<\/div>\n\t\t\t\t<div class=\"elementor-column elementor-col-33 elementor-top-column elementor-element elementor-element-893ea85\" data-id=\"893ea85\" data-element_type=\"column\" data-e-type=\"column\" data-settings=\"{&quot;background_background&quot;:&quot;classic&quot;}\">\n\t\t\t<div class=\"elementor-widget-wrap\">\n\t\t\t\t\t\t\t<\/div>\n\t\t<\/div>\n\t\t\t\t\t<\/div>\n\t\t<\/section>\n\t\t\t\t<section class=\"elementor-section elementor-top-section elementor-element elementor-element-2cb810c elementor-section-boxed elementor-section-height-default elementor-section-height-default\" data-id=\"2cb810c\" data-element_type=\"section\" data-e-type=\"section\">\n\t\t\t\t\t\t<div class=\"elementor-container elementor-column-gap-default\">\n\t\t\t\t\t<div class=\"elementor-column elementor-col-66 elementor-top-column elementor-element elementor-element-e7f16bd\" data-id=\"e7f16bd\" data-element_type=\"column\" data-e-type=\"column\">\n\t\t\t<div class=\"elementor-widget-wrap elementor-element-populated\">\n\t\t\t\t\t\t<div class=\"elementor-element elementor-element-99c758a elementor-widget elementor-widget-text-editor\" data-id=\"99c758a\" data-element_type=\"widget\" data-e-type=\"widget\" data-widget_type=\"text-editor.default\">\n\t\t\t\t<div class=\"elementor-widget-container\">\n\t\t\t\t\t\t\t\t\t<h2><span style=\"color: #ff0000;\"><em>TERMINE 2024<\/em><\/span><\/h2><ul><li>Schnupperprobe: SA, 02. M\u00e4rz 2024\u00a0 ab 10 Uhr\u00a0<\/li><li><strong>AUFNAHMEPR\u00dcFUNG (Vorsingen)<\/strong>: SO, 10. M\u00e4rz 2024, ab 10.00 Uhr\u00a0<\/li><li>FEIERLICHE AUFNAHME: SA, 06. April 2024, um 11.00 Uhr<\/li><\/ul><p><span style=\"color: #000000; font-size: 1.1em;\">Mit der Best\u00e4tigung Ihrer Anmeldung (siehe Formular weiter unten) senden wir Ihnen weitere Einzelheiten, insbesondere Ihr Zeitfenster f\u00fcr die Aufnahmepr\u00fcfung.<\/span><\/p>\t\t\t\t\t\t\t\t<\/div>\n\t\t\t\t<\/div>\n\t\t\t\t\t<\/div>\n\t\t<\/div>\n\t\t\t\t<div class=\"elementor-column elementor-col-33 elementor-top-column elementor-element elementor-element-caf8196\" data-id=\"caf8196\" data-element_type=\"column\" data-e-type=\"column\" data-settings=\"{&quot;background_background&quot;:&quot;classic&quot;}\">\n\t\t\t<div class=\"elementor-widget-wrap\">\n\t\t\t\t\t\t\t<\/div>\n\t\t<\/div>\n\t\t\t\t\t<\/div>\n\t\t<\/section>\n\t\t\t\t<section class=\"elementor-section elementor-top-section elementor-element elementor-element-07be4b0 elementor-section-boxed elementor-section-height-default elementor-section-height-default\" data-id=\"07be4b0\" data-element_type=\"section\" data-e-type=\"section\">\n\t\t\t\t\t\t<div class=\"elementor-container elementor-column-gap-default\">\n\t\t\t\t\t<div class=\"elementor-column elementor-col-50 elementor-top-column elementor-element elementor-element-65182fd\" data-id=\"65182fd\" data-element_type=\"column\" data-e-type=\"column\" data-settings=\"{&quot;background_background&quot;:&quot;classic&quot;}\">\n\t\t\t<div class=\"elementor-widget-wrap\">\n\t\t\t\t\t\t\t<\/div>\n\t\t<\/div>\n\t\t\t\t<div class=\"elementor-column elementor-col-50 elementor-top-column elementor-element elementor-element-ffd0f73\" data-id=\"ffd0f73\" data-element_type=\"column\" data-e-type=\"column\">\n\t\t\t<div class=\"elementor-widget-wrap elementor-element-populated\">\n\t\t\t\t\t\t<div class=\"elementor-element elementor-element-9aa1166 elementor-widget elementor-widget-text-editor\" data-id=\"9aa1166\" data-element_type=\"widget\" data-e-type=\"widget\" data-widget_type=\"text-editor.default\">\n\t\t\t\t<div class=\"elementor-widget-container\">\n\t\t\t\t\t\t\t\t\t<p><span style=\"color: #000000; font-size: 1.1em;\"><strong>Veranstaltungsort<\/strong>: F\u00fcr das Vorsingen nutzen wir unseren Chorsaal in der <strong>Christuskirche Hannover<\/strong>, Conrad-Wilhelm-Hase-Platz 1 (Eingang Westportal).<br \/>Planen Sie ca. <strong>30 Minuten<\/strong> als Gesamtdauer f\u00fcr Ihren Besuch und das Vorsingen (Aufnahmepr\u00fcfung) ein.<\/span><\/p>\t\t\t\t\t\t\t\t<\/div>\n\t\t\t\t<\/div>\n\t\t\t\t\t<\/div>\n\t\t<\/div>\n\t\t\t\t\t<\/div>\n\t\t<\/section>\n\t\t\t\t<section class=\"elementor-section elementor-top-section elementor-element elementor-element-a6252e7 elementor-section-boxed elementor-section-height-default elementor-section-height-default\" data-id=\"a6252e7\" data-element_type=\"section\" data-e-type=\"section\">\n\t\t\t\t\t\t<div class=\"elementor-container elementor-column-gap-default\">\n\t\t\t\t\t<div class=\"elementor-column elementor-col-50 elementor-top-column elementor-element elementor-element-7627206\" data-id=\"7627206\" data-element_type=\"column\" data-e-type=\"column\" data-settings=\"{&quot;background_background&quot;:&quot;classic&quot;}\">\n\t\t\t<div class=\"elementor-widget-wrap\">\n\t\t\t\t\t\t\t<\/div>\n\t\t<\/div>\n\t\t\t\t<div class=\"elementor-column elementor-col-50 elementor-top-column elementor-element elementor-element-8b6e2b6\" data-id=\"8b6e2b6\" data-element_type=\"column\" data-e-type=\"column\">\n\t\t\t<div class=\"elementor-widget-wrap elementor-element-populated\">\n\t\t\t\t\t\t<div class=\"elementor-element elementor-element-c75c5a7 elementor-widget elementor-widget-text-editor\" data-id=\"c75c5a7\" data-element_type=\"widget\" data-e-type=\"widget\" data-widget_type=\"text-editor.default\">\n\t\t\t\t<div class=\"elementor-widget-container\">\n\t\t\t\t\t\t\t\t\t<p><span style=\"color: #000000; font-size: 1.1em;\">Wir vergeben f\u00fcr die Aufnahmepr\u00fcfung<strong><span style=\"color: #c90505;\"> feste Termine.<br \/><\/span><\/strong> Das Vorsingen beginnt\u00a0<b>ab 10.00 Uhr<\/b>.<\/span><\/p>\t\t\t\t\t\t\t\t<\/div>\n\t\t\t\t<\/div>\n\t\t\t\t\t<\/div>\n\t\t<\/div>\n\t\t\t\t\t<\/div>\n\t\t<\/section>\n\t\t\t\t<section class=\"elementor-section elementor-top-section elementor-element elementor-element-f9a582e elementor-section-boxed elementor-section-height-default elementor-section-height-default\" data-id=\"f9a582e\" data-element_type=\"section\" data-e-type=\"section\">\n\t\t\t\t\t\t<div class=\"elementor-container elementor-column-gap-default\">\n\t\t\t\t\t<div class=\"elementor-column elementor-col-66 elementor-top-column elementor-element elementor-element-d939947\" data-id=\"d939947\" data-element_type=\"column\" data-e-type=\"column\">\n\t\t\t<div class=\"elementor-widget-wrap elementor-element-populated\">\n\t\t\t\t\t\t<div class=\"elementor-element elementor-element-57e18d1 elementor-widget elementor-widget-text-editor\" data-id=\"57e18d1\" data-element_type=\"widget\" data-e-type=\"widget\" data-widget_type=\"text-editor.default\">\n\t\t\t\t<div class=\"elementor-widget-container\">\n\t\t\t\t\t\t\t\t\t<h2><em><span style=\"color: #ff0000;\">Wie funktioniert&#8230;<\/span><\/em><\/h2><p><span style=\"color: #000000; font-size: 1.1em;\"> &#8230; die Chor- und Singschule des M\u00e4dchenchor Hannover? Sehen Sie sich doch ein wenig um auf unserer Website, es gibt viel Wissenswertes zu entdecken. Beginnen Sie\u00a0 mit der Information \u00fcber die <span style=\"text-decoration: underline;\"><strong><a href=\"https:\/\/maedchenchor-hannover.de\/?page_id=10\" target=\"_blank\" rel=\"noopener\">verschiedenen Chorgruppen<\/a><\/strong><\/span>, von der Vokalen Grundstufe bis zum Konzertchor.<br \/><\/span><\/p>\t\t\t\t\t\t\t\t<\/div>\n\t\t\t\t<\/div>\n\t\t\t\t\t<\/div>\n\t\t<\/div>\n\t\t\t\t<div class=\"elementor-column elementor-col-33 elementor-top-column elementor-element elementor-element-c371ed9\" data-id=\"c371ed9\" data-element_type=\"column\" data-e-type=\"column\" data-settings=\"{&quot;background_background&quot;:&quot;classic&quot;}\">\n\t\t\t<div class=\"elementor-widget-wrap\">\n\t\t\t\t\t\t\t<\/div>\n\t\t<\/div>\n\t\t\t\t\t<\/div>\n\t\t<\/section>\n\t\t\t\t<section class=\"elementor-section elementor-top-section elementor-element elementor-element-2b3e1e7c elementor-section-boxed elementor-section-height-default elementor-section-height-default\" data-id=\"2b3e1e7c\" data-element_type=\"section\" data-e-type=\"section\">\n\t\t\t\t\t\t<div class=\"elementor-container elementor-column-gap-default\">\n\t\t\t\t\t<div class=\"elementor-column elementor-col-66 elementor-top-column elementor-element elementor-element-7f94361b\" data-id=\"7f94361b\" data-element_type=\"column\" data-e-type=\"column\">\n\t\t\t<div class=\"elementor-widget-wrap elementor-element-populated\">\n\t\t\t\t\t\t<div class=\"elementor-element elementor-element-368084b6 elementor-widget elementor-widget-text-editor\" data-id=\"368084b6\" data-element_type=\"widget\" data-e-type=\"widget\" data-widget_type=\"text-editor.default\">\n\t\t\t\t<div class=\"elementor-widget-container\">\n\t\t\t\t\t\t\t\t\t\n<div class=\"wpcf7 no-js\" id=\"wpcf7-f37684-o1\" lang=\"de-DE\" dir=\"ltr\" data-wpcf7-id=\"37684\">\n<div class=\"screen-reader-response\"><p role=\"status\" aria-live=\"polite\" aria-atomic=\"true\"><\/p> <ul><\/ul><\/div>\n<form action=\"\/index.php?rest_route=%2Fwp%2Fv2%2Fpages%2F32634#wpcf7-f37684-o1\" method=\"post\" class=\"wpcf7-form init\" aria-label=\"Kontaktformular\" novalidate=\"novalidate\" data-status=\"init\">\n<fieldset class=\"hidden-fields-container\"><input type=\"hidden\" name=\"_wpcf7\" value=\"37684\" \/><input type=\"hidden\" name=\"_wpcf7_version\" value=\"6.1.5\" \/><input type=\"hidden\" name=\"_wpcf7_locale\" value=\"de_DE\" \/><input type=\"hidden\" name=\"_wpcf7_unit_tag\" value=\"wpcf7-f37684-o1\" \/><input type=\"hidden\" name=\"_wpcf7_container_post\" value=\"0\" \/><input type=\"hidden\" name=\"_wpcf7_posted_data_hash\" value=\"\" \/><input type=\"hidden\" name=\"_wpcf7_recaptcha_response\" value=\"\" \/>\n<\/fieldset>\n<p><label> <span style=\"font-size:2em;color:#ff0000;\">Anmeldung zur Aufnahmepr\u00fcfung 2024<\/span> <\/label><br \/>\n<hr \/>\n<\/p>\n<p><label><strong><span style=\"font-size:1.2em;\">Wir m\u00f6chten unsere Tochter zur Aufnahmepr\u00fcfung des M\u00e4dchenchors 2024 anmelden.<\/span><\/strong><\/label>\n<\/p>\n<p><label> Ihr Name<br \/>\n<span class=\"wpcf7-form-control-wrap\" data-name=\"your-name\"><input size=\"40\" maxlength=\"400\" class=\"wpcf7-form-control wpcf7-text wpcf7-validates-as-required\" aria-required=\"true\" aria-invalid=\"false\" value=\"\" type=\"text\" name=\"your-name\" \/><\/span> <\/label>\n<\/p>\n<p><label> Ihre E-Mail-Adresse<br \/>\n<span class=\"wpcf7-form-control-wrap\" data-name=\"your-email\"><input size=\"40\" maxlength=\"400\" class=\"wpcf7-form-control wpcf7-email wpcf7-validates-as-required wpcf7-text wpcf7-validates-as-email\" aria-required=\"true\" aria-invalid=\"false\" value=\"\" type=\"email\" name=\"your-email\" \/><\/span> <\/label>\n<\/p>\n<p><label> Tel-Nr (f\u00fcr R\u00fcckfragen)<br \/>\n<span class=\"wpcf7-form-control-wrap\" data-name=\"tel-80\"><input size=\"40\" maxlength=\"400\" class=\"wpcf7-form-control wpcf7-tel wpcf7-validates-as-required wpcf7-text wpcf7-validates-as-tel\" aria-required=\"true\" aria-invalid=\"false\" value=\"\" type=\"tel\" name=\"tel-80\" \/><\/span> <\/label>\n<\/p>\n<p><label> Vorname der Tochter:<br \/>\n<span class=\"wpcf7-form-control-wrap\" data-name=\"text-317\"><input size=\"40\" maxlength=\"400\" class=\"wpcf7-form-control wpcf7-text wpcf7-validates-as-required\" aria-required=\"true\" aria-invalid=\"false\" value=\"\" type=\"text\" name=\"text-317\" \/><\/span><\/label>\n<\/p>\n<p><label> Alter Ihrer Tochter im <strong>M\u00e4rz 2024<\/strong>:<br \/>\n<span class=\"wpcf7-form-control-wrap\" data-name=\"number-701\"><input class=\"wpcf7-form-control wpcf7-number wpcf7-validates-as-required wpcf7-validates-as-number\" min=\"7\" max=\"13\" aria-required=\"true\" aria-invalid=\"false\" value=\"\" type=\"number\" name=\"number-701\" \/><\/span><\/label>\n<\/p>\n<p><label> <strong> <span style=\"font-size:1.3em;\">Zeitlich passt uns am besten ein Termin&#8230;<\/span><\/strong><\/label><br \/>\n<label> (Mehrfachnennung m\u00f6glich:) <\/label><span class=\"wpcf7-form-control-wrap\" data-name=\"checkbox-899\"><span class=\"wpcf7-form-control wpcf7-checkbox wpcf7-validates-as-required\"><span class=\"wpcf7-list-item first\"><label><input type=\"checkbox\" name=\"checkbox-899[]\" value=\"am Vormittag\" \/><span class=\"wpcf7-list-item-label\">am Vormittag<\/span><\/label><\/span><span class=\"wpcf7-list-item last\"><label><input type=\"checkbox\" name=\"checkbox-899[]\" value=\"am Nachmittag\" \/><span class=\"wpcf7-list-item-label\">am Nachmittag<\/span><\/label><\/span><\/span><\/span>\n<\/p>\n<hr \/>\n<p><label> Ihre Nachricht oder Frage(n):<br \/>\n<span class=\"wpcf7-form-control-wrap\" data-name=\"your-message\"><textarea cols=\"40\" rows=\"10\" maxlength=\"2000\" class=\"wpcf7-form-control wpcf7-textarea\" aria-invalid=\"false\" name=\"your-message\"><\/textarea><\/span> <\/label>\n<\/p>\n<hr \/>\n<p><span class=\"wpcf7-form-control-wrap\" data-name=\"your-consent\"><span class=\"wpcf7-form-control wpcf7-acceptance\"><span class=\"wpcf7-list-item\"><label><input type=\"checkbox\" name=\"your-consent\" value=\"1\" aria-invalid=\"false\" \/><span class=\"wpcf7-list-item-label\">Ich habe die <a href=\"https:\/\/maedchenchor-hannover.de\/?page_id=8648\"><u>Datenschutzbedingungen<\/u><\/a> gelesen und stimme diesen ausdr\u00fccklich zu.<\/span><\/label><\/span><\/span><\/span>\n<\/p>\n<span class=\"wpcf7-form-control-wrap recaptcha\" data-name=\"recaptcha\"><span data-sitekey=\"6LdGQdciAAAAAM5vc4CraKSa77j4jAWxc7l1jCGl\" data-align=\"center\" class=\"wpcf7-form-control wpcf7-recaptcha g-recaptcha\"><\/span>\r\n<noscript>\r\n\t<div class=\"grecaptcha-noscript\">\r\n\t\t<iframe src=\"https:\/\/www.google.com\/recaptcha\/api\/fallback?k=6LdGQdciAAAAAM5vc4CraKSa77j4jAWxc7l1jCGl\" frameborder=\"0\" scrolling=\"no\" width=\"310\" height=\"430\">\r\n\t\t<\/iframe>\r\n\t\t<textarea name=\"g-recaptcha-response\" rows=\"3\" cols=\"40\" placeholder=\"reCaptcha Response Here\">\r\n\t\t<\/textarea>\r\n\t<\/div>\r\n<\/noscript>\r\n<\/span>\n<p><input class=\"wpcf7-form-control wpcf7-submit has-spinner\" type=\"submit\" value=\"Absenden\" \/>\n<\/p><div class=\"wpcf7-response-output\" aria-hidden=\"true\"><\/div>\n<\/form>\n<\/div>\n\t\t\t\t\t\t\t\t<\/div>\n\t\t\t\t<\/div>\n\t\t\t\t\t<\/div>\n\t\t<\/div>\n\t\t\t\t<div class=\"elementor-column elementor-col-33 elementor-top-column elementor-element elementor-element-3cb6628c\" data-id=\"3cb6628c\" data-element_type=\"column\" data-e-type=\"column\" data-settings=\"{&quot;background_background&quot;:&quot;classic&quot;}\">\n\t\t\t<div class=\"elementor-widget-wrap\">\n\t\t\t\t\t\t\t<\/div>\n\t\t<\/div>\n\t\t\t\t\t<\/div>\n\t\t<\/section>\n\t\t\t\t<section class=\"elementor-section elementor-top-section elementor-element elementor-element-l3b9l5s elementor-section-boxed elementor-section-height-default elementor-section-height-default\" data-id=\"l3b9l5s\" data-element_type=\"section\" data-e-type=\"section\">\n\t\t\t\t\t\t<div class=\"elementor-container elementor-column-gap-default\">\n\t\t\t\t\t<div class=\"elementor-column elementor-col-100 elementor-top-column elementor-element elementor-element-8kces3b\" data-id=\"8kces3b\" data-element_type=\"column\" data-e-type=\"column\" data-settings=\"{&quot;background_background&quot;:&quot;classic&quot;}\">\n\t\t\t<div class=\"elementor-widget-wrap elementor-element-populated\">\n\t\t\t\t\t\t<div class=\"elementor-element elementor-element-e6bfg3e elementor-drop-cap-yes elementor-drop-cap-view-default elementor-widget elementor-widget-text-editor\" data-id=\"e6bfg3e\" data-element_type=\"widget\" data-e-type=\"widget\" data-settings=\"{&quot;drop_cap&quot;:&quot;yes&quot;}\" data-widget_type=\"text-editor.default\">\n\t\t\t\t<div class=\"elementor-widget-container\">\n\t\t\t\t\t\t\t\t\t<h2 style=\"text-align: center;color:white;\">Wir freuen uns, wenn du zum Vorsingen kommst!<\/h4>\t\t\t\t\t\t\t\t<\/div>\n\t\t\t\t<\/div>\n\t\t\t\t\t<\/div>\n\t\t<\/div>\n\t\t\t\t\t<\/div>\n\t\t<\/section>\n\t\t\t\t<\/div>\n\t\t","protected":false},"excerpt":{"rendered":"<p>Sing&#8216; mit im M\u00e4dchenchor Hannover! FLYER &#8222;Info zum Vorsingen 2024&#8220; [&hellip;]<\/p>\n","protected":false},"author":1,"featured_media":0,"parent":0,"menu_order":0,"comment_status":"closed","ping_status":"closed","template":"","meta":{"footnotes":""},"class_list":["post-32634","page","type-page","status-publish","hentry"],"_links":{"self":[{"href":"https:\/\/maedchenchor-hannover.de\/index.php?rest_route=\/wp\/v2\/pages\/32634","targetHints":{"allow":["GET"]}}],"collection":[{"href":"https:\/\/maedchenchor-hannover.de\/index.php?rest_route=\/wp\/v2\/pages"}],"about":[{"href":"https:\/\/maedchenchor-hannover.de\/index.php?rest_route=\/wp\/v2\/types\/page"}],"author":[{"embeddable":true,"href":"https:\/\/maedchenchor-hannover.de\/index.php?rest_route=\/wp\/v2\/users\/1"}],"replies":[{"embeddable":true,"href":"https:\/\/maedchenchor-hannover.de\/index.php?rest_route=%2Fwp%2Fv2%2Fcomments&post=32634"}],"version-history":[{"count":53,"href":"https:\/\/maedchenchor-hannover.de\/index.php?rest_route=\/wp\/v2\/pages\/32634\/revisions"}],"predecessor-version":[{"id":38304,"href":"https:\/\/maedchenchor-hannover.de\/index.php?rest_route=\/wp\/v2\/pages\/32634\/revisions\/38304"}],"wp:attachment":[{"href":"https:\/\/maedchenchor-hannover.de\/index.php?rest_route=%2Fwp%2Fv2%2Fmedia&parent=32634"}],"curies":[{"name":"wp","href":"https:\/\/api.w.org\/{rel}","templated":true}]}}