{"id":27215,"date":"2021-12-22T15:29:46","date_gmt":"2021-12-22T14:29:46","guid":{"rendered":"https:\/\/maedchenchor-hannover.de\/?page_id=27215"},"modified":"2025-05-28T11:43:53","modified_gmt":"2025-05-28T09:43:53","slug":"hoeren-2","status":"publish","type":"page","link":"https:\/\/maedchenchor-hannover.de\/?page_id=27215","title":{"rendered":"CDs-Digitalisierte Schallplatten des M\u00e4dchenchors"},"content":{"rendered":"\t\t<div data-elementor-type=\"wp-post\" data-elementor-id=\"27215\" class=\"elementor elementor-27215\">\n\t\t\t\t\t\t<section class=\"elementor-section elementor-top-section elementor-element elementor-element-4dc26bd9 elementor-section-boxed elementor-section-height-default elementor-section-height-default\" data-id=\"4dc26bd9\" data-element_type=\"section\" data-e-type=\"section\">\n\t\t\t\t\t\t<div class=\"elementor-container elementor-column-gap-default\">\n\t\t\t\t\t<div class=\"elementor-column elementor-col-50 elementor-top-column elementor-element elementor-element-7fc18a38\" data-id=\"7fc18a38\" data-element_type=\"column\" data-e-type=\"column\" data-settings=\"{&quot;background_background&quot;:&quot;classic&quot;}\">\n\t\t\t<div class=\"elementor-widget-wrap elementor-element-populated\">\n\t\t\t\t\t\t<div class=\"elementor-element elementor-element-5aaab458 elementor-widget__width-initial elementor-widget elementor-widget-heading\" data-id=\"5aaab458\" data-element_type=\"widget\" data-e-type=\"widget\" data-widget_type=\"heading.default\">\n\t\t\t\t<div class=\"elementor-widget-container\">\n\t\t\t\t\t<h4 class=\"elementor-heading-title elementor-size-default\">Medien<\/h4>\t\t\t\t<\/div>\n\t\t\t\t<\/div>\n\t\t\t\t\t<\/div>\n\t\t<\/div>\n\t\t\t\t<div class=\"elementor-column elementor-col-50 elementor-top-column elementor-element elementor-element-ea85491\" data-id=\"ea85491\" data-element_type=\"column\" data-e-type=\"column\">\n\t\t\t<div class=\"elementor-widget-wrap elementor-element-populated\">\n\t\t\t\t\t\t<div class=\"elementor-element elementor-element-4715da77 elementor-widget__width-initial eael_simple_menu_hamburger_disable_selected_menu_no eael-simple-menu-hamburger-align-right eael-hamburger--tablet elementor-widget elementor-widget-eael-simple-menu\" data-id=\"4715da77\" data-element_type=\"widget\" data-e-type=\"widget\" data-settings=\"{&quot;_animation&quot;:&quot;none&quot;}\" data-widget_type=\"eael-simple-menu.default\">\n\t\t\t\t<div class=\"elementor-widget-container\">\n\t\t\t\t\t<style>\n                        @media screen and (max-width: 1024px) {\n                            .eael-hamburger--tablet {\n                                .eael-simple-menu-horizontal,\n                                .eael-simple-menu-vertical {\n                                    display: none;\n                                }\n                            }\n                            .eael-hamburger--tablet {\n                                .eael-simple-menu-container .eael-simple-menu-toggle {\n                                    display: block;\n                                }\n                            }\n                        }\n                        .eael-simple-menu-container.eael-simple-menu--loading > ul {\n                            display: -webkit-box !important;\n                            display: -ms-flexbox !important;\n                            display: flex !important;\n                            list-style: none !important;\n                        }\n                        .eael-simple-menu-container.eael-simple-menu--loading li ul {\n                            visibility: hidden !important;\n                            opacity: 0 !important;\n                        }\n                    <\/style>            <div data-hamburger-icon=\"&lt;i aria-hidden=&quot;true&quot; class=&quot;fas fa-bars&quot;&gt;&lt;\/i&gt;\" data-indicator-icon=\"&lt;i aria-hidden=&quot;true&quot; class=&quot;fas fa-angle-down&quot;&gt;&lt;\/i&gt;\" data-dropdown-indicator-icon=\"&lt;i class=&quot;fas fa-angle-down&quot;&gt;&lt;\/i&gt;\" class=\"eael-simple-menu-container eael-simple-menu--loading eael-simple-menu-align-right eael-simple-menu--stretch eael-simple-menu-dropdown-align-left preset-1\" data-hamburger-breakpoints=\"{&quot;mobile&quot;:&quot;Mobil Hochformat (&gt; 767px)&quot;,&quot;tablet&quot;:&quot;Tablet Hochformat (&gt; 1024px)&quot;,&quot;desktop&quot;:&quot;Desktop (&gt; 2400px)&quot;,&quot;none&quot;:&quot;None&quot;}\" data-hamburger-device=\"tablet\">\n                <ul id=\"menu-medien\" class=\"eael-simple-menu eael-simple-menu-dropdown-animate-zoom-in eael-simple-menu-indicator eael-hamburger-left eael-simple-menu-horizontal\"><li id=\"menu-item-35259\" class=\"menu-item menu-item-type-custom menu-item-object-custom menu-item-35259 sydney-dropdown-li\"><a href=\"https:\/\/maedchenchor-hannover.de\/?page_id=1952\" class=\"sydney-dropdown-link\">CDs<\/a><\/li>\n<li id=\"menu-item-35267\" class=\"menu-item menu-item-type-custom menu-item-object-custom menu-item-has-children menu-item-35267 sydney-dropdown-li\"><a href=\"https:\/\/maedchenchor-hannover.de\/?page_id=35287\" class=\"sydney-dropdown-link\">Schallplatten<\/a>\n<ul class=\"sub-menu sydney-dropdown-ul\">\n\t<li id=\"menu-item-35289\" class=\"menu-item menu-item-type-custom menu-item-object-custom menu-item-35289 sydney-dropdown-li\"><a href=\"https:\/\/maedchenchor-hannover.de\/?page_id=35287\" class=\"sydney-dropdown-link\">Vinyl Schallplatten<\/a><\/li>\n\t<li id=\"menu-item-35260\" class=\"menu-item menu-item-type-custom menu-item-object-custom menu-item-35260 sydney-dropdown-li\"><a href=\"https:\/\/maedchenchor-hannover.de\/?page_id=27215\" class=\"sydney-dropdown-link\">Digitalisierte Schallplatten<\/a><\/li>\n<\/ul>\n<\/li>\n<li id=\"menu-item-35261\" class=\"menu-item menu-item-type-custom menu-item-object-custom menu-item-35261 sydney-dropdown-li\"><a href=\"https:\/\/maedchenchor-hannover.de\/?page_id=26838\" class=\"sydney-dropdown-link\">Das neue Buch<\/a><\/li>\n<li id=\"menu-item-35264\" class=\"menu-item menu-item-type-custom menu-item-object-custom menu-item-has-children menu-item-35264 sydney-dropdown-li\"><a href=\"https:\/\/maedchenchor-hannover.de\/?page_id=35322\" class=\"sydney-dropdown-link\">Filme<\/a>\n<ul class=\"sub-menu sydney-dropdown-ul\">\n\t<li id=\"menu-item-35324\" class=\"menu-item menu-item-type-custom menu-item-object-custom menu-item-35324 sydney-dropdown-li\"><a href=\"https:\/\/maedchenchor-hannover.de\/?page_id=35322\" class=\"sydney-dropdown-link\">Filme<\/a><\/li>\n\t<li id=\"menu-item-35262\" class=\"menu-item menu-item-type-custom menu-item-object-custom menu-item-35262 sydney-dropdown-li\"><a href=\"https:\/\/maedchenchor-hannover.de\/?page_id=2917\" class=\"sydney-dropdown-link\">Videos<\/a><\/li>\n<\/ul>\n<\/li>\n<li id=\"menu-item-35265\" class=\"menu-item menu-item-type-custom menu-item-object-custom menu-item-35265 sydney-dropdown-li\"><a href=\"https:\/\/maedchenchor-hannover.de\/?page_id=35281\" class=\"sydney-dropdown-link\">Mitschnitte<\/a><\/li>\n<li id=\"menu-item-36581\" class=\"menu-item menu-item-type-post_type menu-item-object-page menu-item-36581 sydney-dropdown-li\"><a href=\"https:\/\/maedchenchor-hannover.de\/?page_id=2763\" class=\"sydney-dropdown-link\">Pressespiegel<\/a><\/li>\n<li id=\"menu-item-35266\" class=\"menu-item menu-item-type-custom menu-item-object-custom menu-item-35266 sydney-dropdown-li\"><a href=\"https:\/\/maedchenchor-hannover.de\/?page_id=35351\" class=\"sydney-dropdown-link\">Magazine<\/a><\/li>\n<li id=\"menu-item-35263\" class=\"menu-item menu-item-type-custom menu-item-object-custom menu-item-has-children menu-item-35263 sydney-dropdown-li\"><a href=\"https:\/\/maedchenchor-hannover.de\/?page_id=1484\" class=\"sydney-dropdown-link\">Fotos<\/a>\n<ul class=\"sub-menu sydney-dropdown-ul\">\n\t<li id=\"menu-item-35364\" class=\"menu-item menu-item-type-custom menu-item-object-custom menu-item-35364 sydney-dropdown-li\"><a href=\"https:\/\/maedchenchor-hannover.de\/?page_id=1484\" class=\"sydney-dropdown-link\">Fotos Chorleben<\/a><\/li>\n\t<li id=\"menu-item-35366\" class=\"menu-item menu-item-type-custom menu-item-object-custom menu-item-35366 sydney-dropdown-li\"><a href=\"https:\/\/maedchenchor-hannover.de\/?page_id=5834\" class=\"sydney-dropdown-link\">Fotos Konzertr\u00fcckschau<\/a><\/li>\n<\/ul>\n<\/li>\n<\/ul>                <button class=\"eael-simple-menu-toggle\">\n                    <span class=\"sr-only \">Hamburger Toggle Menu<\/span>\n                    <i aria-hidden=\"true\" class=\"fas fa-bars\"><\/i>                <\/button>\n            <\/div>\n            \t\t\t\t<\/div>\n\t\t\t\t<\/div>\n\t\t\t\t\t<\/div>\n\t\t<\/div>\n\t\t\t\t\t<\/div>\n\t\t<\/section>\n\t\t\t\t<section class=\"elementor-section elementor-top-section elementor-element elementor-element-a69ffa0 elementor-section-boxed elementor-section-height-default elementor-section-height-default\" data-id=\"a69ffa0\" data-element_type=\"section\" data-e-type=\"section\">\n\t\t\t\t\t\t<div class=\"elementor-container elementor-column-gap-default\">\n\t\t\t\t\t<div class=\"elementor-column elementor-col-100 elementor-top-column elementor-element elementor-element-f1b8691\" data-id=\"f1b8691\" data-element_type=\"column\" data-e-type=\"column\">\n\t\t\t<div class=\"elementor-widget-wrap elementor-element-populated\">\n\t\t\t\t\t\t<div class=\"elementor-element elementor-element-40ec77e elementor-widget elementor-widget-text-editor\" data-id=\"40ec77e\" data-element_type=\"widget\" data-e-type=\"widget\" data-widget_type=\"text-editor.default\">\n\t\t\t\t<div class=\"elementor-widget-container\">\n\t\t\t\t\t\t\t\t\t<h3>M\u00e4dchenchor Schallplatten &#8211; auf CD digitalisiert<\/h2>\t\t\t\t\t\t\t\t<\/div>\n\t\t\t\t<\/div>\n\t\t\t\t\t<\/div>\n\t\t<\/div>\n\t\t\t\t\t<\/div>\n\t\t<\/section>\n\t\t\t\t<section class=\"elementor-section elementor-top-section elementor-element elementor-element-p28rp5t ankerrueckschau2019-1 elementor-section-boxed elementor-section-height-default elementor-section-height-default\" data-id=\"p28rp5t\" data-element_type=\"section\" data-e-type=\"section\">\n\t\t\t\t\t\t<div class=\"elementor-container elementor-column-gap-default\">\n\t\t\t\t\t<div class=\"elementor-column elementor-col-100 elementor-top-column elementor-element elementor-element-v6b7rt8\" data-id=\"v6b7rt8\" data-element_type=\"column\" data-e-type=\"column\">\n\t\t\t<div class=\"elementor-widget-wrap elementor-element-populated\">\n\t\t\t\t\t\t<div class=\"elementor-element elementor-element-zp8amdw ankercd elementor-widget elementor-widget-menu-anchor\" data-id=\"zp8amdw\" data-element_type=\"widget\" data-e-type=\"widget\" data-widget_type=\"menu-anchor.default\">\n\t\t\t\t<div class=\"elementor-widget-container\">\n\t\t\t\t\t\t\t<div class=\"elementor-menu-anchor\" id=\"cdzauberwald\"><\/div>\n\t\t\t\t\t\t<\/div>\n\t\t\t\t<\/div>\n\t\t\t\t\t<\/div>\n\t\t<\/div>\n\t\t\t\t\t<\/div>\n\t\t<\/section>\n\t\t\t\t<section class=\"elementor-section elementor-top-section elementor-element elementor-element-0a1a263 elementor-section-boxed elementor-section-height-default elementor-section-height-default\" data-id=\"0a1a263\" data-element_type=\"section\" data-e-type=\"section\">\n\t\t\t\t\t\t<div class=\"elementor-container elementor-column-gap-default\">\n\t\t\t\t\t<div class=\"elementor-column elementor-col-100 elementor-top-column elementor-element elementor-element-d9713b6\" data-id=\"d9713b6\" data-element_type=\"column\" data-e-type=\"column\">\n\t\t\t<div class=\"elementor-widget-wrap elementor-element-populated\">\n\t\t\t\t\t\t<div class=\"elementor-element elementor-element-8b4b35a elementor-widget elementor-widget-text-editor\" data-id=\"8b4b35a\" data-element_type=\"widget\" data-e-type=\"widget\" data-widget_type=\"text-editor.default\">\n\t\t\t\t<div class=\"elementor-widget-container\">\n\t\t\t\t\t\t\t\t\t<p style=\"text-align: justify\">70 Jahre M\u00e4dchenchor Hannover &#8211; wir laden Sie ein zu einer besonderen Zeitreise in die audiophile Vergangenheit des M\u00e4dchenchor Hannover!\nTonaufnahmen, entstanden vor der CD-Zeit und damals als Schallplatten (LPs) vertrieben, wurden jetzt f\u00fcr Sie in <strong>h\u00f6chster Qualit\u00e4t digitalisiert<\/strong>: Erleben Sie einen musikalischen Streifzug zur\u00fcck in die Anfangszeiten dieses gro\u00dfartigen Chores.\nH\u00f6ren und genie\u00dfen Sie Aufnahmen von Chorm\u00e4dchen und S\u00e4ngerinnen, die bereits vor vielen Jahren Ruf, Klang und Geist dieses Chores formten. Unter Leitung von Ludwig Rutt und Gudrun Schr\u00f6fel wurden zahlreiche\u00a0 Werke von Brahms bis Koerppen, Lechner bis Strawinsky, Haydn, Mendelssohn und vielen mehr eingespielt. Erwerben Sie die CDs einzeln oder gleich als Paket mit Sonderrabatt!<p>\t\t\t\t\t\t\t\t<\/div>\n\t\t\t\t<\/div>\n\t\t\t\t\t<\/div>\n\t\t<\/div>\n\t\t\t\t\t<\/div>\n\t\t<\/section>\n\t\t\t\t<section class=\"elementor-section elementor-top-section elementor-element elementor-element-86eea4e elementor-section-boxed elementor-section-height-default elementor-section-height-default\" data-id=\"86eea4e\" data-element_type=\"section\" data-e-type=\"section\">\n\t\t\t\t\t\t<div class=\"elementor-container elementor-column-gap-default\">\n\t\t\t\t\t<div class=\"elementor-column elementor-col-100 elementor-top-column elementor-element elementor-element-16662e3\" data-id=\"16662e3\" data-element_type=\"column\" data-e-type=\"column\">\n\t\t\t<div class=\"elementor-widget-wrap elementor-element-populated\">\n\t\t\t\t\t\t<div class=\"elementor-element elementor-element-9597310 elementor-widget elementor-widget-text-editor\" data-id=\"9597310\" data-element_type=\"widget\" data-e-type=\"widget\" data-widget_type=\"text-editor.default\">\n\t\t\t\t<div class=\"elementor-widget-container\">\n\t\t\t\t\t\t\t\t\t\n<table id=\"tablepress-343\" class=\"tablepress tablepress-id-343 tbody-has-connected-cells\">\n<tbody class=\"row-striping\">\n<tr class=\"row-1\">\n\t<td colspan=\"2\" class=\"column-1\"><span style =\"font-weight:bold;\">Johannes Brahms: Nun stehen die Rosen in Bl\u00fcte<\/span><\/td>\n<\/tr>\n<tr class=\"row-2\">\n\t<td class=\"column-1\"><a href=\"https:\/\/maedchenchor-hannover.de\/wp-content\/uploads\/Beiseitig-NunStehenDieRosInBluete_1.jpg\" class=\"DIGRosenBlueteSchallplatte-link foto-DIGRosenBlueteSchallplatte\"  title=\"klicken f\u00fcr Gro\u00dfansicht\"><\/a><\/td><td class=\"column-2\">Werke von Johannes Brahms: Vier Lieder aus dem Jungbrunnen, Lieder aus &#8222;Lieder und Romanzen&#8220; sowie der 13. Psalm. Eine Aufnahme des M\u00e4dchenchor Hannover mit Ulrich Bremsteller (Orgel), Gudrun Schr\u00f6fel (Mitarbeit) und Ludwig Rutt (Leitung). <br \/>\n<br \/>\n<button style=\"background-color:#d92f2f;border: 2px dotted black;margin-top: 10px;\"><em><a href=\"https:\/\/maedchenchor-hannover.de\/?page_id=28427\" rel=\"noopener\" target=\"_blank\"><strong><u>&#8230;jetzt bestellen <\/u><\/strong><\/a><span style=\"color:black;\">\u2192<\/span><\/em><\/button><\/td>\n<\/tr>\n<tr class=\"row-3\">\n\t<td colspan=\"2\" class=\"column-1\"><span style =\"font-weight:bold;\">Michael Haydn | F. Mendelssohn Bartholdy<\/span><\/td>\n<\/tr>\n<tr class=\"row-4\">\n\t<td class=\"column-1\"><a href=\"https:\/\/maedchenchor-hannover.de\/wp-content\/uploads\/Beidseitig-Haydn-MissaSanAloyissi_1.jpg\" class=\"DIGhaydnschallplatte-link foto-DIGhaydnschallplatte\"  title=\"klicken f\u00fcr Gro\u00dfansicht\"><\/a><\/td><td class=\"column-2\">Auf dieser Aufnahme h\u00f6ren Sie die &#8222;Missa St. Aloysii&#8220; von Michael Haydn (1737 &#8211; 1806) sowie Drei Motetten opus 39 Nr. 1, 2 und 3 von Felix Mendelssohn Bartholdy (1809 &#8211; 1847).<br \/>\nSie h\u00f6ren den M\u00e4dchenchor Hannover unter Ludwig Rutt, mit Gudrun Schr\u00f6fel und Viola Wiens (Sopran), Hilke Helling (Alt), Siegfried Strohbach (Orgel, Werner Heutling (Violine), Konrad Haesler (Violoncello) und Mandfred G\u00fcnther, Kontrabass.<br \/>\n<button style=\"background-color:#d92f2f;border: 2px dotted black;margin-top: 10px;\"><em><a href=\"https:\/\/maedchenchor-hannover.de\/?page_id=28427\" rel=\"noopener\" target=\"_blank\"><strong><u>&#8230;jetzt bestellen <\/u><\/strong><\/a><span style=\"color:black;\">\u2192<\/span><\/em><\/button><br \/>\n<\/td>\n<\/tr>\n<tr class=\"row-5\">\n\t<td colspan=\"2\" class=\"column-1\"><span style =\"font-weight:bold;\">Alfred Koerppen: Zauberwald | Vier italienische Madrigale <\/span><\/td>\n<\/tr>\n<tr class=\"row-6\">\n\t<td class=\"column-1\"><a href=\"https:\/\/maedchenchor-hannover.de\/wp-content\/uploads\/Beidseitig_Koerppen-zauberwaldSchallplatte_1.jpg\" class=\"DIGzauberwaldschallplatte-link foto-DIGzauberwaldschallplatte\"  title=\"klicken f\u00fcr Gro\u00dfansicht\"><\/a><\/td><td class=\"column-2\">Diese digitalisierte Schallplatte bietet Ihnen Alfred Koerppens &#8222;Zauberwald&#8220; (nach Grimms M\u00e4rchen <em>Jorinde und Joringel<\/em>und vier italienische Madrigale, nach Gedichten von Guiseppe Ungareti. H\u00f6ren Sie eine Aufnahme mit dem M\u00e4dchenchor Hannover unter Ludwig Rutt sowie dem RIAS Kammerchor Berlin, Leitung: Heinz Henning. Es singen Kristine Foss (Sopran), Susanne Fuhrmann (Alt), Wilhelm F\u00fcchsl (Tenor) und Klaus Thiem (Bariton).<br \/>\n<br \/>\n<button style=\"background-color:#d92f2f;border: 2px dotted black;margin-top: 10px;\"><em><a href=\"https:\/\/maedchenchor-hannover.de\/?page_id=28427\" rel=\"noopener\" target=\"_blank\"><strong><u>&#8230;jetzt bestellen <\/u><\/strong><\/a><span style=\"color:black;\">\u2192<\/span><\/em><\/button><\/td>\n<\/tr>\n<tr class=\"row-7\">\n\t<td colspan=\"2\" class=\"column-1\"><span style =\"font-weight:bold;\">Britten &#8222;A Ceremony of Carols&#8220; | Europ\u00e4ische Folklore<\/span><\/td>\n<\/tr>\n<tr class=\"row-8\">\n\t<td class=\"column-1\"><a href=\"https:\/\/maedchenchor-hannover.de\/wp-content\/uploads\/Beidseitig_BrittenSchallplatte_1.jpg\" class=\"DIGBrittenEurpFolkloreSchallplatte-link foto-DIGBrittenEurpFolkloreSchallplatte\"  title=\"klicken f\u00fcr Gro\u00dfansicht\"><\/a><\/td><td class=\"column-2\">Vereint auf dieser CD (digitalisiert von der Originalschallplatte) h\u00f6ren Sie Benjamin Brittens &#8222;A Ceremony of Carols&#8220; und eine Auswahl europ\u00e4ischer Folklore mit S\u00e4tzen von Siegfried Strohbach, Zoltan Kod\u00e1ly, B\u00e9la Bart\u00f3k und Johannes Brahms. Eine Aufnahme mit dem M\u00e4dchenchor Hannover unter Ludwig Rutt.<br \/>\n<br \/>\n<button style=\"background-color:#d92f2f;border: 2px dotted black;margin-top: 10px;\"><em><a href=\"https:\/\/maedchenchor-hannover.de\/?page_id=28427\" rel=\"noopener\" target=\"_blank\"><strong><u>&#8230;jetzt bestellen <\/u><\/strong><\/a><span style=\"color:black;\">\u2192<\/span><\/em><\/button><\/td>\n<\/tr>\n<tr class=\"row-9\">\n\t<td colspan=\"2\" class=\"column-1\"><span style =\"font-weight:bold;\">Sag mir doch den Weg<\/span><\/td>\n<\/tr>\n<tr class=\"row-10\">\n\t<td class=\"column-1\"><a href=\"https:\/\/maedchenchor-hannover.de\/wp-content\/uploads\/Beidseitig-sagMirDochDenWeg_1.jpg\" class=\"DIGDenWegSchallplatte-link foto-DIGDenWegSchallplatte\"  title=\"klicken f\u00fcr Gro\u00dfansicht\"><\/a><\/td><td class=\"column-2\">Eine gro\u00dfe Auswahl  von herrlicher Chormusik! H\u00f6ren Sie den M\u00e4dchenchor Hannover unter Ludwig Rutt mit den Interpretationen von Brahms&#8216; &#8222;Br\u00e4utigam&#8220; und &#8222;Fragen&#8220;, Schuberts &#8222;23. Psalm&#8220; und &#8222;St\u00e4ndchen&#8220;, Schumanns &#8222;Triolett&#8220; (Op. 114, Nr. 2), Bart\u00f3k, Distler und weiteren Komponisten.<br \/>\n<br \/>\n<button style=\"background-color:#d92f2f;border: 2px dotted black;margin-top: 10px;\"><em><a href=\"https:\/\/maedchenchor-hannover.de\/?page_id=28427\" rel=\"noopener\" target=\"_blank\"><strong><u>&#8230;jetzt bestellen <\/u><\/strong><\/a><span style=\"color:black;\">\u2192<\/span><\/em><\/button><\/td>\n<\/tr>\n<tr class=\"row-11\">\n\t<td colspan=\"2\" class=\"column-1\"><span style =\"font-weight:bold;\">Chorwerke der Romantik<\/span><\/td>\n<\/tr>\n<tr class=\"row-12\">\n\t<td class=\"column-1\"><a href=\"https:\/\/maedchenchor-hannover.de\/wp-content\/uploads\/Beidseitig_Chorwerke-der-Romantik.jpg\" class=\"DIGChorwerkeDerRomantikSchallplatte-link foto-DIGChorwerkeDerRomantikSchallplatte\"  title=\"klicken f\u00fcr Gro\u00dfansicht\"><\/a><\/td><td class=\"column-2\">In &#8222;Chorwerke der Romantik&#8220; begleiten Sie den M\u00e4dchenchor Hannover (Leitung: Ludwig Rutt; Mitarbeit: Gudrun Schr\u00f6fel) auf eine musikalische Reise mit Musik von Franz Schubert, Guiseppe Verdi, Josef Rheinberger, Max Reger, Rossini, Brahms und Schumann. H\u00f6ren Sie Henny Schrader und Anja Steinert (Sopran), Carola Guber (Mezzosopran) Katharina Behr (Alt) und am Klavier Karl Bergmann.<br \/>\n<br \/>\n<button style=\"background-color:#d92f2f;border: 2px dotted black;margin-top: 10px;\"><em><a href=\"https:\/\/maedchenchor-hannover.de\/?page_id=28427\" rel=\"noopener\" target=\"_blank\"><strong><u>&#8230;jetzt bestellen <\/u><\/strong><\/a><span style=\"color:black;\">\u2192<\/span><\/em><\/button><\/td>\n<\/tr>\n<tr class=\"row-13\">\n\t<td colspan=\"2\" class=\"column-1\"><span style =\"font-weight:bold;\">Koerppen &#8211; Brahms &#8211; Kod\u00e1ly<\/span><\/td>\n<\/tr>\n<tr class=\"row-14\">\n\t<td class=\"column-1\"><a href=\"https:\/\/maedchenchor-hannover.de\/wp-content\/uploads\/Beidseitig-Koerppen__Brahms-Kodaly_1.jpg\" class=\"DIGKoerppenSchallplatte-link foto-DIGKoerppenSchallplatte\"  title=\"klicken f\u00fcr Gro\u00dfansicht\"><\/a><\/td><td class=\"column-2\">Auf dieser digitalisierten Fassung der Originalschallplatte kommen zur Auff\u00fchrung: &#8222;Josef und seine Br\u00fcder&#8220; von Alfred Koerppen, &#8222;Ges\u00e4nge f\u00fcr Frauenchor&#8220;, op 17, von Johannes Brahms und &#8222;Quattro Madrigali&#8220; von Zolt\u00e1n Kod\u00e1ly. Sie h\u00f6ren Heinz-W. Kr\u00fcckeberg (Sprecher), eine Sprechgruppe (Einstudierung von Gudrun Schr\u00f6fel), Janos Gally (Vigh, Horn), Rolf Gast (Horn), Meta Link (Harfe) und den M\u00e4dchenchor Hannover unter Leitung von Ludwig Rutt.<br \/>\n<button style=\"background-color:#d92f2f;border: 2px dotted black;margin-top: 10px;\"><em><a href=\"https:\/\/maedchenchor-hannover.de\/?page_id=28427\" rel=\"noopener\" target=\"_blank\"><strong><u>&#8230;jetzt bestellen <\/u><\/strong><\/a><span style=\"color:black;\">\u2192<\/span><\/em><\/button><\/td>\n<\/tr>\n<tr class=\"row-15\">\n\t<td colspan=\"2\" class=\"column-1\"><span style =\"font-weight:bold;\">Siegried Strohbach &#8211; Europ\u00e4ische | Deutsche Volkslieder<\/span><\/td>\n<\/tr>\n<tr class=\"row-16\">\n\t<td class=\"column-1\"><a href=\"https:\/\/maedchenchor-hannover.de\/wp-content\/uploads\/Beidseitig-EuroaeischeTanzlieder_1.jpg\" class=\"DIGDeutscheVolksliederSchallplatte-link foto-DIGDeutscheVolksliederSchallplatte\"  title=\"klicken f\u00fcr Gro\u00dfansicht\"><\/a><\/td><td class=\"column-2\">Arrangements von Siegried Strohbach, der auf dieser Aufnahme selbst am Klavier begleitet: H\u00f6ren Sie &#8222;Tanz r\u00fcber, tanz n\u00fcber&#8220;, eine Rundreise mit europ\u00e4ischen Tanzliedern in den Ursprachen, sowie deutsche Volkslieder. Der M\u00e4dchenchor Hannover singt unter der Leitung von Ludwig Rutt.<br \/>\n<button style=\"background-color:#d92f2f;border: 2px dotted black;margin-top: 10px;\"><em><a href=\"https:\/\/maedchenchor-hannover.de\/?page_id=28427\" rel=\"noopener\" target=\"_blank\"><strong><u>&#8230;jetzt bestellen <\/u><\/strong><\/a><span style=\"color:black;\">\u2192<\/span><\/em><\/button><\/td>\n<\/tr>\n<\/tbody>\n<\/table>\n<!-- #tablepress-343 from cache -->\t\t\t\t\t\t\t\t<\/div>\n\t\t\t\t<\/div>\n\t\t\t\t\t<\/div>\n\t\t<\/div>\n\t\t\t\t\t<\/div>\n\t\t<\/section>\n\t\t\t\t<\/div>\n\t\t","protected":false},"excerpt":{"rendered":"<p>Medien CDs Schallplatten Vinyl Schallplatten Digitalisierte Schallplatten Das neue Buch [&hellip;]<\/p>\n","protected":false},"author":1,"featured_media":0,"parent":0,"menu_order":0,"comment_status":"closed","ping_status":"closed","template":"page-templates\/page_fullwidth.php","meta":{"footnotes":""},"class_list":["post-27215","page","type-page","status-publish","hentry"],"_links":{"self":[{"href":"https:\/\/maedchenchor-hannover.de\/index.php?rest_route=\/wp\/v2\/pages\/27215","targetHints":{"allow":["GET"]}}],"collection":[{"href":"https:\/\/maedchenchor-hannover.de\/index.php?rest_route=\/wp\/v2\/pages"}],"about":[{"href":"https:\/\/maedchenchor-hannover.de\/index.php?rest_route=\/wp\/v2\/types\/page"}],"author":[{"embeddable":true,"href":"https:\/\/maedchenchor-hannover.de\/index.php?rest_route=\/wp\/v2\/users\/1"}],"replies":[{"embeddable":true,"href":"https:\/\/maedchenchor-hannover.de\/index.php?rest_route=%2Fwp%2Fv2%2Fcomments&post=27215"}],"version-history":[{"count":48,"href":"https:\/\/maedchenchor-hannover.de\/index.php?rest_route=\/wp\/v2\/pages\/27215\/revisions"}],"predecessor-version":[{"id":41965,"href":"https:\/\/maedchenchor-hannover.de\/index.php?rest_route=\/wp\/v2\/pages\/27215\/revisions\/41965"}],"wp:attachment":[{"href":"https:\/\/maedchenchor-hannover.de\/index.php?rest_route=%2Fwp%2Fv2%2Fmedia&parent=27215"}],"curies":[{"name":"wp","href":"https:\/\/api.w.org\/{rel}","templated":true}]}}