{"id":26838,"date":"2021-12-05T11:04:21","date_gmt":"2021-12-05T10:04:21","guid":{"rendered":"https:\/\/maedchenchor-hannover.de\/?page_id=26838"},"modified":"2026-05-04T14:44:10","modified_gmt":"2026-05-04T12:44:10","slug":"konzert210710-2-2-2-2","status":"publish","type":"page","link":"https:\/\/maedchenchor-hannover.de\/?page_id=26838","title":{"rendered":"Buch_WennSichDieWeltAuftut_Bestellung"},"content":{"rendered":"\t\t<div data-elementor-type=\"wp-page\" data-elementor-id=\"26838\" class=\"elementor elementor-26838\">\n\t\t\t\t\t\t<section class=\"elementor-section elementor-top-section elementor-element elementor-element-5ee42cb9 elementor-section-stretched elementor-section-boxed elementor-section-height-default elementor-section-height-default\" data-id=\"5ee42cb9\" data-element_type=\"section\" data-e-type=\"section\" data-settings=\"{&quot;stretch_section&quot;:&quot;section-stretched&quot;}\">\n\t\t\t\t\t\t<div class=\"elementor-container elementor-column-gap-default\">\n\t\t\t\t\t<div class=\"elementor-column elementor-col-50 elementor-top-column elementor-element elementor-element-3345696\" data-id=\"3345696\" data-element_type=\"column\" data-e-type=\"column\" data-settings=\"{&quot;background_background&quot;:&quot;classic&quot;}\">\n\t\t\t<div class=\"elementor-widget-wrap elementor-element-populated\">\n\t\t\t\t\t\t<div class=\"elementor-element elementor-element-5aa4ac6e elementor-widget__width-initial elementor-widget elementor-widget-heading\" data-id=\"5aa4ac6e\" data-element_type=\"widget\" data-e-type=\"widget\" data-widget_type=\"heading.default\">\n\t\t\t\t<div class=\"elementor-widget-container\">\n\t\t\t\t\t<h4 class=\"elementor-heading-title elementor-size-default\">Medien<\/h4>\t\t\t\t<\/div>\n\t\t\t\t<\/div>\n\t\t\t\t\t<\/div>\n\t\t<\/div>\n\t\t\t\t<div class=\"elementor-column elementor-col-50 elementor-top-column elementor-element elementor-element-284fccdf\" data-id=\"284fccdf\" data-element_type=\"column\" data-e-type=\"column\">\n\t\t\t<div class=\"elementor-widget-wrap elementor-element-populated\">\n\t\t\t\t\t\t<div class=\"elementor-element elementor-element-2b34980a elementor-widget__width-initial eael_simple_menu_hamburger_disable_selected_menu_no eael-simple-menu-hamburger-align-right eael-hamburger--tablet elementor-widget elementor-widget-eael-simple-menu\" data-id=\"2b34980a\" data-element_type=\"widget\" data-e-type=\"widget\" data-settings=\"{&quot;_animation&quot;:&quot;none&quot;}\" data-widget_type=\"eael-simple-menu.default\">\n\t\t\t\t<div class=\"elementor-widget-container\">\n\t\t\t\t\t<style>\n                        @media screen and (max-width: 1024px) {\n                            .eael-hamburger--tablet {\n                                .eael-simple-menu-horizontal,\n                                .eael-simple-menu-vertical {\n                                    display: none;\n                                }\n                            }\n                            .eael-hamburger--tablet {\n                                .eael-simple-menu-container .eael-simple-menu-toggle {\n                                    display: block;\n                                }\n                            }\n                        }\n                        .eael-simple-menu-container.eael-simple-menu--loading > ul {\n                            display: -webkit-box !important;\n                            display: -ms-flexbox !important;\n                            display: flex !important;\n                            list-style: none !important;\n                        }\n                        .eael-simple-menu-container.eael-simple-menu--loading li ul {\n                            visibility: hidden !important;\n                            opacity: 0 !important;\n                        }\n                    <\/style>            <div data-hamburger-icon=\"&lt;i aria-hidden=&quot;true&quot; class=&quot;fas fa-bars&quot;&gt;&lt;\/i&gt;\" data-indicator-icon=\"&lt;i aria-hidden=&quot;true&quot; class=&quot;fas fa-angle-down&quot;&gt;&lt;\/i&gt;\" data-dropdown-indicator-icon=\"&lt;i class=&quot;fas fa-angle-down&quot;&gt;&lt;\/i&gt;\" class=\"eael-simple-menu-container eael-simple-menu--loading eael-simple-menu-align-right eael-simple-menu--stretch eael-simple-menu-dropdown-align-left preset-1\" data-hamburger-breakpoints=\"{&quot;mobile&quot;:&quot;Mobil Hochformat (&gt; 767px)&quot;,&quot;tablet&quot;:&quot;Tablet Hochformat (&gt; 1024px)&quot;,&quot;desktop&quot;:&quot;Desktop (&gt; 2400px)&quot;,&quot;none&quot;:&quot;None&quot;}\" data-hamburger-device=\"tablet\">\n                <ul id=\"menu-medien\" class=\"eael-simple-menu eael-simple-menu-dropdown-animate-zoom-in eael-simple-menu-indicator eael-hamburger-left eael-simple-menu-horizontal\"><li id=\"menu-item-35259\" class=\"menu-item menu-item-type-custom menu-item-object-custom menu-item-35259 sydney-dropdown-li\"><a href=\"https:\/\/maedchenchor-hannover.de\/?page_id=1952\" class=\"sydney-dropdown-link\">CDs<\/a><\/li>\n<li id=\"menu-item-35267\" class=\"menu-item menu-item-type-custom menu-item-object-custom menu-item-has-children menu-item-35267 sydney-dropdown-li\"><a href=\"https:\/\/maedchenchor-hannover.de\/?page_id=35287\" class=\"sydney-dropdown-link\">Schallplatten<\/a>\n<ul class=\"sub-menu sydney-dropdown-ul\">\n\t<li id=\"menu-item-35289\" class=\"menu-item menu-item-type-custom menu-item-object-custom menu-item-35289 sydney-dropdown-li\"><a href=\"https:\/\/maedchenchor-hannover.de\/?page_id=35287\" class=\"sydney-dropdown-link\">Vinyl Schallplatten<\/a><\/li>\n\t<li id=\"menu-item-35260\" class=\"menu-item menu-item-type-custom menu-item-object-custom menu-item-35260 sydney-dropdown-li\"><a href=\"https:\/\/maedchenchor-hannover.de\/?page_id=27215\" class=\"sydney-dropdown-link\">Digitalisierte Schallplatten<\/a><\/li>\n<\/ul>\n<\/li>\n<li id=\"menu-item-35261\" class=\"menu-item menu-item-type-custom menu-item-object-custom menu-item-35261 sydney-dropdown-li\"><a href=\"https:\/\/maedchenchor-hannover.de\/?page_id=26838\" class=\"sydney-dropdown-link\">Das neue Buch<\/a><\/li>\n<li id=\"menu-item-35264\" class=\"menu-item menu-item-type-custom menu-item-object-custom menu-item-has-children menu-item-35264 sydney-dropdown-li\"><a href=\"https:\/\/maedchenchor-hannover.de\/?page_id=35322\" class=\"sydney-dropdown-link\">Filme<\/a>\n<ul class=\"sub-menu sydney-dropdown-ul\">\n\t<li id=\"menu-item-35324\" class=\"menu-item menu-item-type-custom menu-item-object-custom menu-item-35324 sydney-dropdown-li\"><a href=\"https:\/\/maedchenchor-hannover.de\/?page_id=35322\" class=\"sydney-dropdown-link\">Filme<\/a><\/li>\n\t<li id=\"menu-item-35262\" class=\"menu-item menu-item-type-custom menu-item-object-custom menu-item-35262 sydney-dropdown-li\"><a href=\"https:\/\/maedchenchor-hannover.de\/?page_id=2917\" class=\"sydney-dropdown-link\">Videos<\/a><\/li>\n<\/ul>\n<\/li>\n<li id=\"menu-item-35265\" class=\"menu-item menu-item-type-custom menu-item-object-custom menu-item-35265 sydney-dropdown-li\"><a href=\"https:\/\/maedchenchor-hannover.de\/?page_id=35281\" class=\"sydney-dropdown-link\">Mitschnitte<\/a><\/li>\n<li id=\"menu-item-36581\" class=\"menu-item menu-item-type-post_type menu-item-object-page menu-item-36581 sydney-dropdown-li\"><a href=\"https:\/\/maedchenchor-hannover.de\/?page_id=2763\" class=\"sydney-dropdown-link\">Pressespiegel<\/a><\/li>\n<li id=\"menu-item-35266\" class=\"menu-item menu-item-type-custom menu-item-object-custom menu-item-35266 sydney-dropdown-li\"><a href=\"https:\/\/maedchenchor-hannover.de\/?page_id=35351\" class=\"sydney-dropdown-link\">Magazine<\/a><\/li>\n<li id=\"menu-item-35263\" class=\"menu-item menu-item-type-custom menu-item-object-custom menu-item-has-children menu-item-35263 sydney-dropdown-li\"><a href=\"https:\/\/maedchenchor-hannover.de\/?page_id=1484\" class=\"sydney-dropdown-link\">Fotos<\/a>\n<ul class=\"sub-menu sydney-dropdown-ul\">\n\t<li id=\"menu-item-35364\" class=\"menu-item menu-item-type-custom menu-item-object-custom menu-item-35364 sydney-dropdown-li\"><a href=\"https:\/\/maedchenchor-hannover.de\/?page_id=1484\" class=\"sydney-dropdown-link\">Fotos Chorleben<\/a><\/li>\n\t<li id=\"menu-item-35366\" class=\"menu-item menu-item-type-custom menu-item-object-custom menu-item-35366 sydney-dropdown-li\"><a href=\"https:\/\/maedchenchor-hannover.de\/?page_id=5834\" class=\"sydney-dropdown-link\">Fotos Konzertr\u00fcckschau<\/a><\/li>\n<\/ul>\n<\/li>\n<\/ul>                <button class=\"eael-simple-menu-toggle\">\n                    <span class=\"sr-only \">Hamburger Toggle Menu<\/span>\n                    <i aria-hidden=\"true\" class=\"fas fa-bars\"><\/i>                <\/button>\n            <\/div>\n            \t\t\t\t<\/div>\n\t\t\t\t<\/div>\n\t\t\t\t\t<\/div>\n\t\t<\/div>\n\t\t\t\t\t<\/div>\n\t\t<\/section>\n\t\t\t\t<section class=\"elementor-section elementor-top-section elementor-element elementor-element-2c54ddb elementor-section-boxed elementor-section-height-default elementor-section-height-default\" data-id=\"2c54ddb\" data-element_type=\"section\" data-e-type=\"section\">\n\t\t\t\t\t\t<div class=\"elementor-container elementor-column-gap-wide\">\n\t\t\t\t\t<div class=\"elementor-column elementor-col-100 elementor-top-column elementor-element elementor-element-6befbc5\" data-id=\"6befbc5\" data-element_type=\"column\" data-e-type=\"column\">\n\t\t\t<div class=\"elementor-widget-wrap elementor-element-populated\">\n\t\t\t\t\t\t<div class=\"elementor-element elementor-element-27ef3c7 elementor-widget elementor-widget-text-editor\" data-id=\"27ef3c7\" data-element_type=\"widget\" data-e-type=\"widget\" data-widget_type=\"text-editor.default\">\n\t\t\t\t<div class=\"elementor-widget-container\">\n\t\t\t\t\t\t\t\t\t<p style=\"text-align: left;\"><strong>Der M\u00e4dchenchor Hannover<\/strong> ist f\u00fcr seinen bet\u00f6renden Klang ber\u00fchmt. Seine S\u00e4ngerinnen durchlaufen eine mehrstufige Ausbildung, der ein eigenes musikp\u00e4dagogisches Konzept zugrunde liegt. Die Interpretationen des M\u00e4dchenchors Hannover gelten inzwischen als Referenz f\u00fcr andere M\u00e4dchench\u00f6re \u2013 mit dem Resultat, dass bedeutende Komponistinnen und Komponisten Werke f\u00fcr den Chor geschrieben haben. So hat der M\u00e4dchenchor Hannover mittlerweile ein Renommee erlangt, das dem der ber\u00fchmten Knabench\u00f6re, den Dresdner Kruzianern und den Leipziger Thomanern, in nichts nachsteht.\u00a0<\/p>\t\t\t\t\t\t\t\t<\/div>\n\t\t\t\t<\/div>\n\t\t\t\t\t<\/div>\n\t\t<\/div>\n\t\t\t\t\t<\/div>\n\t\t<\/section>\n\t\t\t\t<section class=\"elementor-section elementor-top-section elementor-element elementor-element-20bcf9d elementor-section-boxed elementor-section-height-default elementor-section-height-default\" data-id=\"20bcf9d\" data-element_type=\"section\" data-e-type=\"section\">\n\t\t\t\t\t\t<div class=\"elementor-container elementor-column-gap-default\">\n\t\t\t\t\t<div class=\"elementor-column elementor-col-50 elementor-top-column elementor-element elementor-element-1f4fefe\" data-id=\"1f4fefe\" data-element_type=\"column\" data-e-type=\"column\">\n\t\t\t<div class=\"elementor-widget-wrap elementor-element-populated\">\n\t\t\t\t\t\t<div class=\"elementor-element elementor-element-df5ad2b elementor-widget elementor-widget-text-editor\" data-id=\"df5ad2b\" data-element_type=\"widget\" data-e-type=\"widget\" data-widget_type=\"text-editor.default\">\n\t\t\t\t<div class=\"elementor-widget-container\">\n\t\t\t\t\t\t\t\t\t<p style=\"text-align: left;\">Buch: <em>Wenn sich die Welt auftut<\/em><\/p>\t\t\t\t\t\t\t\t<\/div>\n\t\t\t\t<\/div>\n\t\t\t\t\t<\/div>\n\t\t<\/div>\n\t\t\t\t<div class=\"elementor-column elementor-col-50 elementor-top-column elementor-element elementor-element-4c6552d\" data-id=\"4c6552d\" data-element_type=\"column\" data-e-type=\"column\">\n\t\t\t<div class=\"elementor-widget-wrap elementor-element-populated\">\n\t\t\t\t\t\t<div class=\"elementor-element elementor-element-b3af848 elementor-widget elementor-widget-text-editor\" data-id=\"b3af848\" data-element_type=\"widget\" data-e-type=\"widget\" data-widget_type=\"text-editor.default\">\n\t\t\t\t<div class=\"elementor-widget-container\">\n\t\t\t\t\t\t\t\t\t<p style=\"text-align: center;\"><span style=\"color: #c91818;\">Bl\u00e4ttern Sie im Buch!<br \/><\/span><\/p>\t\t\t\t\t\t\t\t<\/div>\n\t\t\t\t<\/div>\n\t\t\t\t\t<\/div>\n\t\t<\/div>\n\t\t\t\t\t<\/div>\n\t\t<\/section>\n\t\t\t\t<section class=\"elementor-section elementor-top-section elementor-element elementor-element-dccf874 elementor-section-full_width elementor-section-height-default elementor-section-height-default\" data-id=\"dccf874\" data-element_type=\"section\" data-e-type=\"section\" data-settings=\"{&quot;background_background&quot;:&quot;classic&quot;}\">\n\t\t\t\t\t\t<div class=\"elementor-container elementor-column-gap-default\">\n\t\t\t\t\t<div class=\"elementor-column elementor-col-50 elementor-top-column elementor-element elementor-element-5beeedd\" data-id=\"5beeedd\" data-element_type=\"column\" data-e-type=\"column\">\n\t\t\t<div class=\"elementor-widget-wrap elementor-element-populated\">\n\t\t\t\t\t\t<div class=\"elementor-element elementor-element-af90916 elementor-widget elementor-widget-text-editor\" data-id=\"af90916\" data-element_type=\"widget\" data-e-type=\"widget\" data-widget_type=\"text-editor.default\">\n\t\t\t\t<div class=\"elementor-widget-container\">\n\t\t\t\t\t\t\t\t\t<p><a href=\"https:\/\/maedchenchor-hannover.de\/wp-content\/uploads\/MCH_Buch70_Umschlag_kurzeReihei.png\"><img decoding=\"async\" class=\"wp-image-26836 size-thumbnail alignleft\" src=\"https:\/\/maedchenchor-hannover.de\/wp-content\/uploads\/MCH_Buch70_Umschlag_kurzeReihei-150x132.png\" alt=\"\" width=\"150\" height=\"132\" srcset=\"https:\/\/maedchenchor-hannover.de\/wp-content\/uploads\/MCH_Buch70_Umschlag_kurzeReihei-150x132.png 150w, https:\/\/maedchenchor-hannover.de\/wp-content\/uploads\/MCH_Buch70_Umschlag_kurzeReihei-300x265.png 300w, https:\/\/maedchenchor-hannover.de\/wp-content\/uploads\/MCH_Buch70_Umschlag_kurzeReihei-230x203.png 230w, https:\/\/maedchenchor-hannover.de\/wp-content\/uploads\/MCH_Buch70_Umschlag_kurzeReihei-350x309.png 350w, https:\/\/maedchenchor-hannover.de\/wp-content\/uploads\/MCH_Buch70_Umschlag_kurzeReihei.png 450w\" sizes=\"(max-width: 150px) 100vw, 150px\" \/><\/a>Der M\u00e4dchenchor Hannover ist f\u00fcr seinen bet\u00f6renden Klang ber\u00fchmt. Seine S\u00e4ngerinnen durchlaufen eine mehrstufige Ausbildung, der ein eigenes musikp\u00e4dagogisches Konzept zugrunde liegt. Die Interpretationen des M\u00e4dchenchors Hannover gelten inzwischen als Referenz f\u00fcr andere M\u00e4dchench\u00f6re \u2013 mit dem Resultat, dass bedeutende Komponistinnen und Komponisten Werke f\u00fcr den Chor geschrieben haben. So hat der M\u00e4dchenchor Hannover mittlerweile ein Renommee erlangt, das dem der ber\u00fchmten Knabench\u00f6re, den Dresdner Kruzianern und den Leipziger Thomanern, in nichts nachsteht. (\u2026).\u201d<\/p><p><strong>Das neue Buch \u00fcber den M\u00e4dchenchor Hannover<\/strong>, erschienen im <strong>Jubil\u00e4umsjahr 2022<\/strong> zum 70. Geburtstag des Chores.<\/p><p>Das Buch ist \u00fcber das untenstehende Formular direkt erh\u00e4ltlich erh\u00e4ltlich.<\/p>\t\t\t\t\t\t\t\t<\/div>\n\t\t\t\t<\/div>\n\t\t\t\t\t<\/div>\n\t\t<\/div>\n\t\t\t\t<div class=\"elementor-column elementor-col-50 elementor-top-column elementor-element elementor-element-cdd4f8c\" data-id=\"cdd4f8c\" data-element_type=\"column\" data-e-type=\"column\">\n\t\t\t<div class=\"elementor-widget-wrap elementor-element-populated\">\n\t\t\t\t\t\t<div class=\"elementor-element elementor-element-8adc70a elementor-widget elementor-widget-shortcode\" data-id=\"8adc70a\" data-element_type=\"widget\" data-e-type=\"widget\" data-widget_type=\"shortcode.default\">\n\t\t\t\t<div class=\"elementor-widget-container\">\n\t\t\t\t\t\t\t<div class=\"elementor-shortcode\">\n<div class=\"_df_book df-lite\" id=\"df_39436\"  _slug=\"39436\" data-title=\"wenn-sich-die-welt-auftut-2022\" wpoptions=\"true\" thumb=\"https:\/\/maedchenchor-hannover.de\/wp-content\/uploads\/MCH_Buch70_Umschlag_kurzeReihei.png\" thumbtype=\"\" ><\/div><script class=\"df-shortcode-script\" nowprocket type=\"application\/javascript\">window.option_df_39436 = {\"webgl\":\"true\",\"outline\":[],\"height\":\"300\",\"duration\":\"1000\",\"hard\":\"cover\",\"autoEnableOutline\":\"false\",\"autoEnableThumbnail\":\"false\",\"overwritePDFOutline\":\"false\",\"enableDownload\":\"false\",\"direction\":\"1\",\"pageSize\":\"0\",\"controlsPosition\":\"bottom\",\"soundEnable\":\"true\",\"maxTextureSize\":\"1024\",\"autoPlayDuration\":\"4000\",\"autoPlayStart\":\"true\",\"source\":\"https:\\\/\\\/maedchenchor-hannover.de\\\/wp-content\\\/uploads\\\/WennSichDieWeltAuftut_Auszug.pdf\",\"wpOptions\":\"true\"}; if(window.DFLIP && window.DFLIP.parseBooks){window.DFLIP.parseBooks();}<\/script> <\/div>\n\t\t\t\t\t\t<\/div>\n\t\t\t\t<\/div>\n\t\t\t\t\t<\/div>\n\t\t<\/div>\n\t\t\t\t\t<\/div>\n\t\t<\/section>\n\t\t\t\t<section class=\"elementor-section elementor-top-section elementor-element elementor-element-cde9975 elementor-section-boxed elementor-section-height-default elementor-section-height-default\" data-id=\"cde9975\" data-element_type=\"section\" data-e-type=\"section\">\n\t\t\t\t\t\t<div class=\"elementor-container elementor-column-gap-default\">\n\t\t\t\t\t<div class=\"elementor-column elementor-col-100 elementor-top-column elementor-element elementor-element-4c4abf7\" data-id=\"4c4abf7\" data-element_type=\"column\" data-e-type=\"column\">\n\t\t\t<div class=\"elementor-widget-wrap elementor-element-populated\">\n\t\t\t\t\t\t<div class=\"elementor-element elementor-element-91394ec elementor-widget elementor-widget-heading\" data-id=\"91394ec\" data-element_type=\"widget\" data-e-type=\"widget\" data-widget_type=\"heading.default\">\n\t\t\t\t<div class=\"elementor-widget-container\">\n\t\t\t\t\t<h1 class=\"elementor-heading-title elementor-size-default\"><h1><span style=\"color:#D92F2F\">\"Wenn sich die Welt auftut\"<\/h1>von Ulrike Brenning<\/span> <br \/>zu Klampen Verlag, 2022  | Hardcover, 160 Seiten, <b>\u20ac 10,00<\/b><\/span><\/h1>\t\t\t\t<\/div>\n\t\t\t\t<\/div>\n\t\t\t\t\t<\/div>\n\t\t<\/div>\n\t\t\t\t\t<\/div>\n\t\t<\/section>\n\t\t\t\t<section class=\"elementor-section elementor-top-section elementor-element elementor-element-3edef16 elementor-section-boxed elementor-section-height-default elementor-section-height-default\" data-id=\"3edef16\" data-element_type=\"section\" data-e-type=\"section\" data-settings=\"{&quot;background_background&quot;:&quot;classic&quot;}\">\n\t\t\t\t\t\t<div class=\"elementor-container elementor-column-gap-default\">\n\t\t\t\t\t<div class=\"elementor-column elementor-col-100 elementor-top-column elementor-element elementor-element-fad85f2\" data-id=\"fad85f2\" data-element_type=\"column\" data-e-type=\"column\">\n\t\t\t<div class=\"elementor-widget-wrap elementor-element-populated\">\n\t\t\t\t\t\t<div class=\"elementor-element elementor-element-1c01756 elementor-widget elementor-widget-text-editor\" data-id=\"1c01756\" data-element_type=\"widget\" data-e-type=\"widget\" data-widget_type=\"text-editor.default\">\n\t\t\t\t<div class=\"elementor-widget-container\">\n\t\t\t\t\t\t\t\t\t<p style=\"text-align: center;\">\n<div class=\"wpcf7 no-js\" id=\"wpcf7-f26837-o1\" lang=\"de-DE\" dir=\"ltr\" data-wpcf7-id=\"26837\">\n<div class=\"screen-reader-response\"><p role=\"status\" aria-live=\"polite\" aria-atomic=\"true\"><\/p> <ul><\/ul><\/div>\n<form action=\"\/index.php?rest_route=%2Fwp%2Fv2%2Fpages%2F26838#wpcf7-f26837-o1\" method=\"post\" class=\"wpcf7-form init\" aria-label=\"Kontaktformular\" novalidate=\"novalidate\" data-status=\"init\">\n<fieldset class=\"hidden-fields-container\"><input type=\"hidden\" name=\"_wpcf7\" value=\"26837\" \/><input type=\"hidden\" name=\"_wpcf7_version\" value=\"6.1.5\" \/><input type=\"hidden\" name=\"_wpcf7_locale\" value=\"de_DE\" \/><input type=\"hidden\" name=\"_wpcf7_unit_tag\" value=\"wpcf7-f26837-o1\" \/><input type=\"hidden\" name=\"_wpcf7_container_post\" value=\"0\" \/><input type=\"hidden\" name=\"_wpcf7_posted_data_hash\" value=\"\" \/><input type=\"hidden\" name=\"_wpcf7_recaptcha_response\" value=\"\" \/>\n<\/fieldset>\n<p><label> <span style=\"color:red;font-size:3em;\">Bestellung Buch &#8222;Wenn sich die Welt auftut&#8220;<\/span> <\/label>\n<\/p>\n<p><label> <span style=\"font-size:1.1em;\">Ich m\u00f6chte das Buch &#8222;Wenn sich die Welt auftut&#8220; kaufen und bestelle hiermit <span class=\"wpcf7-form-control-wrap\" data-name=\"number-701\"><input class=\"wpcf7-form-control wpcf7-number wpcf7-validates-as-required wpcf7-validates-as-number\" min=\"1\" max=\"10\" aria-required=\"true\" aria-invalid=\"false\" value=\"\" type=\"number\" name=\"number-701\" \/><\/span> Exemplar(e)<br \/>\nzum Preis von <u>\u20ac 10,00 pro Buch zzgl. \u20ac 3.50 Versandkosten<\/u><\/span><\/label>\n<\/p>\n<p><label> Ihr Vor- und Nachname<br \/>\n<span class=\"wpcf7-form-control-wrap\" data-name=\"your-name\"><input size=\"40\" maxlength=\"400\" class=\"wpcf7-form-control wpcf7-text wpcf7-validates-as-required\" aria-required=\"true\" aria-invalid=\"false\" value=\"\" type=\"text\" name=\"your-name\" \/><\/span> <\/label><br \/>\n<label> Ihre Anschrift<br \/>\n<span class=\"wpcf7-form-control-wrap\" data-name=\"text-745\"><input size=\"40\" maxlength=\"400\" class=\"wpcf7-form-control wpcf7-text wpcf7-validates-as-required\" aria-required=\"true\" aria-invalid=\"false\" value=\"\" type=\"text\" name=\"text-745\" \/><\/span><\/label><br \/>\n<label> Ihre E-Mail-Adresse<br \/>\n<span class=\"wpcf7-form-control-wrap\" data-name=\"your-email\"><input size=\"40\" maxlength=\"400\" class=\"wpcf7-form-control wpcf7-email wpcf7-validates-as-required wpcf7-text wpcf7-validates-as-email\" aria-required=\"true\" aria-invalid=\"false\" value=\"\" type=\"email\" name=\"your-email\" \/><\/span> <\/label>\n<\/p>\n<p><span class=\"wpcf7-form-control-wrap\" data-name=\"acceptance-80\"><span class=\"wpcf7-form-control wpcf7-acceptance\"><span class=\"wpcf7-list-item\"><input type=\"checkbox\" name=\"acceptance-80\" value=\"1\" aria-invalid=\"false\" \/><\/span><\/span><\/span> Senden Sie mir eine Rechnung. Nach Eingang meiner \u00dcberweisung senden Sie das(die) Exemplar(e) per Post an meine o.a. Adresse.\n<\/p>\n<p><label>Optional: <\/label><br \/>\n<span class=\"wpcf7-form-control-wrap\" data-name=\"acceptance-34\"><span class=\"wpcf7-form-control wpcf7-acceptance optional\"><span class=\"wpcf7-list-item\"><input type=\"checkbox\" name=\"acceptance-34\" value=\"1\" aria-invalid=\"false\" \/><\/span><\/span><\/span>Ich hole mein(e) Exemplar(e) im Chorb\u00fcro ab (bitte vorher Termin best\u00e4tigen Tel. 0511-64 69 1670) und <b>spare \u20ac 3,50 Versandkosten<\/b>\n<\/p>\n<p><label>Raum f\u00fcr Ihre Nachricht oder Frage:<br \/>\n<span class=\"wpcf7-form-control-wrap\" data-name=\"your-message\"><textarea cols=\"40\" rows=\"10\" maxlength=\"2000\" class=\"wpcf7-form-control wpcf7-textarea\" aria-invalid=\"false\" name=\"your-message\"><\/textarea><\/span> <\/label>\n<\/p>\n<p><span class=\"wpcf7-form-control-wrap\" data-name=\"your-consent\"><span class=\"wpcf7-form-control wpcf7-acceptance\"><span class=\"wpcf7-list-item\"><label><input type=\"checkbox\" name=\"your-consent\" value=\"1\" aria-invalid=\"false\" \/><span class=\"wpcf7-list-item-label\">Ich habe die <a href=\"https:\/\/maedchenchor-hannover.de\/?page_id=8648\"><u>Datenschutzbedingungen<\/u><\/a> gelesen und stimme diesen ausdr\u00fccklich zu.<\/span><\/label><\/span><\/span><\/span>\n<\/p>\n<span class=\"wpcf7-form-control-wrap recaptcha\" data-name=\"recaptcha\"><span data-sitekey=\"6LdGQdciAAAAAM5vc4CraKSa77j4jAWxc7l1jCGl\" data-align=\"center\" class=\"wpcf7-form-control wpcf7-recaptcha g-recaptcha\"><\/span>\r\n<noscript>\r\n\t<div class=\"grecaptcha-noscript\">\r\n\t\t<iframe src=\"https:\/\/www.google.com\/recaptcha\/api\/fallback?k=6LdGQdciAAAAAM5vc4CraKSa77j4jAWxc7l1jCGl\" frameborder=\"0\" scrolling=\"no\" width=\"310\" height=\"430\">\r\n\t\t<\/iframe>\r\n\t\t<textarea name=\"g-recaptcha-response\" rows=\"3\" cols=\"40\" placeholder=\"reCaptcha Response Here\">\r\n\t\t<\/textarea>\r\n\t<\/div>\r\n<\/noscript>\r\n<\/span>\n<p><input class=\"wpcf7-form-control wpcf7-submit has-spinner\" type=\"submit\" value=\"Absenden\" \/>\n<\/p><div class=\"wpcf7-response-output\" aria-hidden=\"true\"><\/div>\n<\/form>\n<\/div>\n<\/p>\t\t\t\t\t\t\t\t<\/div>\n\t\t\t\t<\/div>\n\t\t\t\t\t<\/div>\n\t\t<\/div>\n\t\t\t\t\t<\/div>\n\t\t<\/section>\n\t\t\t\t<\/div>\n\t\t","protected":false},"excerpt":{"rendered":"<p>Medien CDs Schallplatten Vinyl Schallplatten Digitalisierte Schallplatten Das neue Buch [&hellip;]<\/p>\n","protected":false},"author":1,"featured_media":0,"parent":0,"menu_order":0,"comment_status":"closed","ping_status":"closed","template":"page-templates\/page_fullwidth.php","meta":{"footnotes":""},"class_list":["post-26838","page","type-page","status-publish","hentry"],"_links":{"self":[{"href":"https:\/\/maedchenchor-hannover.de\/index.php?rest_route=\/wp\/v2\/pages\/26838","targetHints":{"allow":["GET"]}}],"collection":[{"href":"https:\/\/maedchenchor-hannover.de\/index.php?rest_route=\/wp\/v2\/pages"}],"about":[{"href":"https:\/\/maedchenchor-hannover.de\/index.php?rest_route=\/wp\/v2\/types\/page"}],"author":[{"embeddable":true,"href":"https:\/\/maedchenchor-hannover.de\/index.php?rest_route=\/wp\/v2\/users\/1"}],"replies":[{"embeddable":true,"href":"https:\/\/maedchenchor-hannover.de\/index.php?rest_route=%2Fwp%2Fv2%2Fcomments&post=26838"}],"version-history":[{"count":55,"href":"https:\/\/maedchenchor-hannover.de\/index.php?rest_route=\/wp\/v2\/pages\/26838\/revisions"}],"predecessor-version":[{"id":43965,"href":"https:\/\/maedchenchor-hannover.de\/index.php?rest_route=\/wp\/v2\/pages\/26838\/revisions\/43965"}],"wp:attachment":[{"href":"https:\/\/maedchenchor-hannover.de\/index.php?rest_route=%2Fwp%2Fv2%2Fmedia&parent=26838"}],"curies":[{"name":"wp","href":"https:\/\/api.w.org\/{rel}","templated":true}]}}