{"id":23669,"date":"2021-03-22T10:37:43","date_gmt":"2021-03-22T09:37:43","guid":{"rendered":"https:\/\/maedchenchor-hannover.de\/?page_id=23669"},"modified":"2025-10-14T08:58:08","modified_gmt":"2025-10-14T06:58:08","slug":"der-chor-2-2","status":"publish","type":"page","link":"https:\/\/maedchenchor-hannover.de\/?page_id=23669","title":{"rendered":"Konzertchor-Auszeichnungen"},"content":{"rendered":"\t\t<div data-elementor-type=\"wp-post\" data-elementor-id=\"23669\" class=\"elementor elementor-23669\">\n\t\t\t\t\t\t<section class=\"elementor-section elementor-top-section elementor-element elementor-element-2be41048 elementor-section-boxed elementor-section-height-default elementor-section-height-default\" data-id=\"2be41048\" data-element_type=\"section\" data-e-type=\"section\">\n\t\t\t\t\t\t<div class=\"elementor-container elementor-column-gap-default\">\n\t\t\t\t\t<div class=\"elementor-column elementor-col-50 elementor-top-column elementor-element elementor-element-6f287149\" data-id=\"6f287149\" data-element_type=\"column\" data-e-type=\"column\" data-settings=\"{&quot;background_background&quot;:&quot;classic&quot;}\">\n\t\t\t<div class=\"elementor-widget-wrap elementor-element-populated\">\n\t\t\t\t\t\t<div class=\"elementor-element elementor-element-4b7c224 elementor-widget__width-initial elementor-widget elementor-widget-heading\" data-id=\"4b7c224\" data-element_type=\"widget\" data-e-type=\"widget\" data-widget_type=\"heading.default\">\n\t\t\t\t<div class=\"elementor-widget-container\">\n\t\t\t\t\t<h4 class=\"elementor-heading-title elementor-size-default\">Konzertchor <\/h4>\t\t\t\t<\/div>\n\t\t\t\t<\/div>\n\t\t\t\t\t<\/div>\n\t\t<\/div>\n\t\t\t\t<div class=\"elementor-column elementor-col-50 elementor-top-column elementor-element elementor-element-6f6d4be\" data-id=\"6f6d4be\" data-element_type=\"column\" data-e-type=\"column\">\n\t\t\t<div class=\"elementor-widget-wrap elementor-element-populated\">\n\t\t\t\t\t\t<div class=\"elementor-element elementor-element-39a1941e elementor-widget__width-initial eael_simple_menu_hamburger_disable_selected_menu_no eael-simple-menu-hamburger-align-right eael-hamburger--tablet elementor-widget elementor-widget-eael-simple-menu\" data-id=\"39a1941e\" data-element_type=\"widget\" data-e-type=\"widget\" data-settings=\"{&quot;_animation&quot;:&quot;none&quot;}\" data-widget_type=\"eael-simple-menu.default\">\n\t\t\t\t<div class=\"elementor-widget-container\">\n\t\t\t\t\t<style>\n                        @media screen and (max-width: 1024px) {\n                            .eael-hamburger--tablet {\n                                .eael-simple-menu-horizontal,\n                                .eael-simple-menu-vertical {\n                                    display: none;\n                                }\n                            }\n                            .eael-hamburger--tablet {\n                                .eael-simple-menu-container .eael-simple-menu-toggle {\n                                    display: block;\n                                }\n                            }\n                        }\n                        .eael-simple-menu-container.eael-simple-menu--loading > ul {\n                            display: -webkit-box !important;\n                            display: -ms-flexbox !important;\n                            display: flex !important;\n                            list-style: none !important;\n                        }\n                        .eael-simple-menu-container.eael-simple-menu--loading li ul {\n                            visibility: hidden !important;\n                            opacity: 0 !important;\n                        }\n                    <\/style>            <div data-hamburger-icon=\"&lt;i aria-hidden=&quot;true&quot; class=&quot;fas fa-bars&quot;&gt;&lt;\/i&gt;\" data-indicator-icon=\"&lt;i aria-hidden=&quot;true&quot; class=&quot;fas fa-angle-down&quot;&gt;&lt;\/i&gt;\" data-dropdown-indicator-icon=\"&lt;i class=&quot;fas fa-angle-down&quot;&gt;&lt;\/i&gt;\" class=\"eael-simple-menu-container eael-simple-menu--loading eael-simple-menu-align-right eael-simple-menu--stretch eael-simple-menu-dropdown-align-left preset-1\" data-hamburger-breakpoints=\"{&quot;mobile&quot;:&quot;Mobil Hochformat (&gt; 767px)&quot;,&quot;tablet&quot;:&quot;Tablet Hochformat (&gt; 1024px)&quot;,&quot;desktop&quot;:&quot;Desktop (&gt; 2400px)&quot;,&quot;none&quot;:&quot;None&quot;}\" data-hamburger-device=\"tablet\">\n                <ul id=\"menu-konzertchor\" class=\"eael-simple-menu eael-simple-menu-dropdown-animate-zoom-in eael-simple-menu-indicator eael-hamburger-left eael-simple-menu-horizontal\"><li id=\"menu-item-34673\" class=\"menu-item menu-item-type-post_type menu-item-object-page menu-item-34673 sydney-dropdown-li\"><a target=\"_blank\" href=\"https:\/\/maedchenchor-hannover.de\/?page_id=23628\" class=\"sydney-dropdown-link\">Biographie<\/a><\/li>\n<li id=\"menu-item-34671\" class=\"menu-item menu-item-type-post_type menu-item-object-page menu-item-34671 sydney-dropdown-li\"><a target=\"_blank\" href=\"https:\/\/maedchenchor-hannover.de\/?page_id=23749\" class=\"sydney-dropdown-link\">Leitung<\/a><\/li>\n<li id=\"menu-item-34674\" class=\"menu-item menu-item-type-post_type menu-item-object-page menu-item-34674 sydney-dropdown-li\"><a target=\"_blank\" href=\"https:\/\/maedchenchor-hannover.de\/?page_id=23669\" class=\"sydney-dropdown-link\">Auszeichnungen<\/a><\/li>\n<li id=\"menu-item-34670\" class=\"menu-item menu-item-type-post_type menu-item-object-page menu-item-34670 sydney-dropdown-li\"><a target=\"_blank\" href=\"https:\/\/maedchenchor-hannover.de\/?page_id=23812\" class=\"sydney-dropdown-link\">Repertoire<\/a><\/li>\n<li id=\"menu-item-34669\" class=\"menu-item menu-item-type-post_type menu-item-object-page menu-item-34669 sydney-dropdown-li\"><a href=\"https:\/\/maedchenchor-hannover.de\/?page_id=165\" class=\"sydney-dropdown-link\">Reisen<\/a><\/li>\n<li id=\"menu-item-34672\" class=\"menu-item menu-item-type-post_type menu-item-object-page menu-item-34672 sydney-dropdown-li\"><a target=\"_blank\" href=\"https:\/\/maedchenchor-hannover.de\/?page_id=24771\" class=\"sydney-dropdown-link\">Ein R\u00fcckblick<\/a><\/li>\n<li id=\"menu-item-34675\" class=\"menu-item menu-item-type-post_type menu-item-object-page menu-item-34675 sydney-dropdown-li\"><a target=\"_blank\" href=\"https:\/\/maedchenchor-hannover.de\/?page_id=2194\" class=\"sydney-dropdown-link\">Chronik<\/a><\/li>\n<\/ul>                <button class=\"eael-simple-menu-toggle\">\n                    <span class=\"sr-only \">Hamburger Toggle Menu<\/span>\n                    <i aria-hidden=\"true\" class=\"fas fa-bars\"><\/i>                <\/button>\n            <\/div>\n            \t\t\t\t<\/div>\n\t\t\t\t<\/div>\n\t\t\t\t\t<\/div>\n\t\t<\/div>\n\t\t\t\t\t<\/div>\n\t\t<\/section>\n\t\t\t\t<section class=\"elementor-section elementor-top-section elementor-element elementor-element-386563c4 elementor-section-full_width elementor-section-height-default elementor-section-height-default\" data-id=\"386563c4\" data-element_type=\"section\" data-e-type=\"section\">\n\t\t\t\t\t\t\t<div class=\"elementor-background-overlay\"><\/div>\n\t\t\t\t\t\t\t<div class=\"elementor-container elementor-column-gap-default\">\n\t\t\t\t\t<div class=\"elementor-column elementor-col-100 elementor-top-column elementor-element elementor-element-3b67f91d\" data-id=\"3b67f91d\" data-element_type=\"column\" data-e-type=\"column\">\n\t\t\t<div class=\"elementor-widget-wrap elementor-element-populated\">\n\t\t\t\t\t\t<div class=\"elementor-element elementor-element-444f084a elementor-widget elementor-widget-eael-adv-tabs\" data-id=\"444f084a\" data-element_type=\"widget\" data-e-type=\"widget\" data-widget_type=\"eael-adv-tabs.default\">\n\t\t\t\t<div class=\"elementor-widget-container\">\n\t\t\t\t\t        <div data-scroll-on-click=\"no\" data-scroll-speed=\"300\" id=\"eael-advance-tabs-444f084a\" class=\"eael-advance-tabs eael-tabs-horizontal eael-tab-auto-active \" data-tabid=\"444f084a\">\n            <div class=\"eael-tabs-nav \">\n                <ul class=\"\" role=\"tablist\">\n                                            <li id=\"auszeichnungen-chor\" class=\"inactive eael-tab-item-trigger eael-tab-nav-item\" aria-selected=\"true\" data-tab=\"1\" role=\"tab\" tabindex=\"0\" aria-controls=\"auszeichnungen-chor-tab\" aria-expanded=\"false\">\n                            \n                            \n                            \n                                                            <span class=\"eael-tab-title title-after-icon\" >Auszeichnungen Chor<\/span>                                                    <\/li>\n                                            <li id=\"auszeichnungen-chorleitung\" class=\"inactive eael-tab-item-trigger eael-tab-nav-item\" aria-selected=\"false\" data-tab=\"2\" role=\"tab\" tabindex=\"-1\" aria-controls=\"auszeichnungen-chorleitung-tab\" aria-expanded=\"false\">\n                            \n                            \n                            \n                                                            <span class=\"eael-tab-title title-after-icon\" >Auszeichnungen Chorleitung<\/span>                                                    <\/li>\n                    \n                                  <\/ul>\n            <\/div>\n            \n            <div class=\"eael-tabs-content\">\n\t\t        \n                    <div id=\"auszeichnungen-chor-tab\" class=\"clearfix eael-tab-content-item inactive\" data-title-link=\"auszeichnungen-chor-tab\">\n\t\t\t\t        \n<table id=\"tablepress-116\" class=\"tablepress tablepress-id-116 tbody-has-connected-cells\">\n<tbody class=\"row-striping row-hover\">\n<tr class=\"row-1\">\n\t<td colspan=\"4\" class=\"column-1\"><span style =\"font-weight:bold; \">2020<\/span><\/td>\n<\/tr>\n<tr class=\"row-2\">\n\t<td colspan=\"4\" class=\"column-1\">OPUS  KLASSIK<br \/>\nNominierung  f\u00fcr <i>Chorwerkeinspielung<\/i> <br \/>\nund  <i>Weltersteinspielung des Jahres<\/i> f\u00fcr den OPUS  KLASSIK, f\u00fcr die  CD-Einspielung der<br \/>\n \u201cInka-Kantate\u201d (Komponist: Andreas N. Tarkmann) mit dem M\u00e4dchenchor Hannover und dem ARTE-Ensemble.<br \/>\n<\/td>\n<\/tr>\n<tr class=\"row-3\">\n\t<td colspan=\"4\" class=\"column-1\"><span style =\"font-weight:bold; \">2014<\/span><\/td>\n<\/tr>\n<tr class=\"row-4\">\n\t<td colspan=\"4\" class=\"column-1\">9. Deutscher Chorwettbewerb, Weimar, M\u00e4dchenchor Hannover \u2013 1. Preis<\/td>\n<\/tr>\n<tr class=\"row-5\">\n\t<td colspan=\"4\" class=\"column-1\"><span style =\"font-weight:bold;\">2010<\/span><\/td>\n<\/tr>\n<tr class=\"row-6\">\n\t<td colspan=\"4\" class=\"column-1\">ECHO KLASSIK<br \/>\nIn 2010 erhielt der M\u00e4dchenchor  den ECHO Klassik  in  der Kategorie <br \/>\nChor- und Ensemblemusik 20.\/21. Jahrhundert f\u00fcr seine Mitwirkung an der  CD <br \/>\n\u201cGlaubenslieder &#8211; Neue Kantaten zum Kirchenjahr\u201d  <br \/>\n<\/td>\n<\/tr>\n<tr class=\"row-7\">\n\t<td colspan=\"4\" class=\"column-1\"><span style =\"font-weight:bold;\">2006<\/span><\/td>\n<\/tr>\n<tr class=\"row-8\">\n\t<td colspan=\"4\" class=\"column-1\">7. Deutscher Chorwettbewerb, Kiel \u2013 1. Preis<\/td>\n<\/tr>\n<tr class=\"row-9\">\n\t<td colspan=\"4\" class=\"column-1\"><span style =\"font-weight:bold; \">2005<\/span><\/td>\n<\/tr>\n<tr class=\"row-10\">\n\t<td colspan=\"4\" class=\"column-1\">Internationaler Wettbewerb der Rundfunkanstalten<br \/>\n\u201eLet the Peoples Sing\u201c \u2013 WDR \/ K\u00f6ln \u2013 2. Preis<\/td>\n<\/tr>\n<tr class=\"row-11\">\n\t<td colspan=\"4\" class=\"column-1\"><span style =\"font-weight:bold;\">2004<\/span><\/td>\n<\/tr>\n<tr class=\"row-12\">\n\t<td colspan=\"4\" class=\"column-1\">F\u00f6rderpreis der Ernst-von-Siemens Stiftung<\/td>\n<\/tr>\n<tr class=\"row-13\">\n\t<td colspan=\"4\" class=\"column-1\"><span style =\"font-weight:bold;\">2003<\/span><\/td>\n<\/tr>\n<tr class=\"row-14\">\n\t<td colspan=\"4\" class=\"column-1\">Internationaler Kammerchorwettbewerb Marktoberdorf \u2013 2. Preis<br \/>\n<br \/>\nSonderpreis fu\u0308r die beste Interpretation eines zeitgeno\u0308ssischen Chorwerkes (gestiftet von Annie Bank Choral Music Publishers, NL)<br \/>\nMa\u0308dchenchor Hannover, Deutschland<br \/>\nAlfred Koerppen (*1926): Der Zauberwald<br \/>\nLeitung.: Gudrun Schro\u0308fel<\/td>\n<\/tr>\n<tr class=\"row-15\">\n\t<td colspan=\"4\" class=\"column-1\"><span style =\"font-weight:bold;\">1997<\/span><\/td>\n<\/tr>\n<tr class=\"row-16\">\n\t<td colspan=\"4\" class=\"column-1\">Johannes-Brahms-Wettbewerb Hamburg \u2013 1. Preis<\/td>\n<\/tr>\n<tr class=\"row-17\">\n\t<td colspan=\"4\" class=\"column-1\"><span style =\"font-weight:bold;\">1995<\/span><\/td>\n<\/tr>\n<tr class=\"row-18\">\n\t<td colspan=\"4\" class=\"column-1\">Internationaler Smetana Chorwettbewerb Litomysl \/ Tschechien \u2013<br \/>\n1. Preis und Gesamtsieger des Wettbewerbs<br \/>\n<br \/>\nInternationaler Chorwettbewerb Tolosa \/ Spanien \u2013 3. Preis<\/td>\n<\/tr>\n<tr class=\"row-19\">\n\t<td colspan=\"4\" class=\"column-1\"><span style =\"font-weight:bold;\">1990<\/span><\/td>\n<\/tr>\n<tr class=\"row-20\">\n\t<td colspan=\"4\" class=\"column-1\">3. Deutscher Chorwettbewerb, Stuttgart \u2013 1. Preis<\/td>\n<\/tr>\n<tr class=\"row-21\">\n\t<td colspan=\"4\" class=\"column-1\"><span style =\"font-weight:bold;\">1989<\/span><\/td>\n<\/tr>\n<tr class=\"row-22\">\n\t<td colspan=\"4\" class=\"column-1\">Internationaler Kammerchorwettbewerb Marktoberdorf \u2013 3. Preis<\/td>\n<\/tr>\n<tr class=\"row-23\">\n\t<td colspan=\"4\" class=\"column-1\"><span style =\"font-weight:bold;\">1987<\/span><\/td>\n<\/tr>\n<tr class=\"row-24\">\n\t<td colspan=\"4\" class=\"column-1\">Internationaler Chorwettbewerb Varna \/ Bulgarien \u2013 1. Preis<\/td>\n<\/tr>\n<tr class=\"row-25\">\n\t<td colspan=\"4\" class=\"column-1\"><span style =\"font-weight:bold;\">1984<\/span><\/td>\n<\/tr>\n<tr class=\"row-26\">\n\t<td colspan=\"4\" class=\"column-1\">Einladung zum Internationalen Chorfestival in Fano\/Italien<\/td>\n<\/tr>\n<tr class=\"row-27\">\n\t<td colspan=\"4\" class=\"column-1\"><span style =\"font-weight:bold;\">1983<\/span><\/td>\n<\/tr>\n<tr class=\"row-28\">\n\t<td colspan=\"4\" class=\"column-1\">BBC-Wettbewerb London \u201cLet the Peoples Sing\u201d \u2013 1. Preis<\/td>\n<\/tr>\n<tr class=\"row-29\">\n\t<td colspan=\"4\" class=\"column-1\"><span style =\"font-weight:bold;\">1982<\/span><\/td>\n<\/tr>\n<tr class=\"row-30\">\n\t<td colspan=\"4\" class=\"column-1\">1. Deutscher Chorwettbewerb, K\u00f6ln \u2013 1. Preis<\/td>\n<\/tr>\n<tr class=\"row-31\">\n\t<td colspan=\"4\" class=\"column-1\"><span style =\"font-weight:bold;\">1981<\/span><\/td>\n<\/tr>\n<tr class=\"row-32\">\n\t<td colspan=\"4\" class=\"column-1\">Internationaler Chorwettbewerb \u201eGuido d\u2019Arezzo\u201c \/ Italien \u2013 1. Preis<\/td>\n<\/tr>\n<tr class=\"row-33\">\n\t<td colspan=\"4\" class=\"column-1\"><span style =\"font-weight:bold;\">1964<\/span><\/td>\n<\/tr>\n<tr class=\"row-34\">\n\t<td colspan=\"4\" class=\"column-1\">Internationaler Chorwettbewerb Neerpelt \/ Belgien \u2013 1. Preis<\/td>\n<\/tr>\n<\/tbody>\n<\/table>\n<!-- #tablepress-116 from cache -->                    <\/div>\n\t\t        \n                    <div id=\"auszeichnungen-chorleitung-tab\" class=\"clearfix eael-tab-content-item inactive\" data-title-link=\"auszeichnungen-chorleitung-tab\">\n\t\t\t\t        \n<table id=\"tablepress-117\" class=\"tablepress tablepress-id-117 tbody-has-connected-cells\">\n<tbody class=\"row-striping row-hover\">\n<tr class=\"row-1\">\n\t<td colspan=\"4\" class=\"column-1\"><span style =\"font-weight:bold; \">2018<\/span><\/td>\n<\/tr>\n<tr class=\"row-2\">\n\t<td colspan=\"4\" class=\"column-1\">Nieders\u00e4chsische Landesmedaille f\u00fcr Gudrun Schr\u00f6fel<\/td>\n<\/tr>\n<tr class=\"row-3\">\n\t<td colspan=\"4\" class=\"column-1\"><span style =\"font-weight:bold;\">2014<\/span><\/td>\n<\/tr>\n<tr class=\"row-4\">\n\t<td colspan=\"4\" class=\"column-1\">Nieders\u00e4chsischer Staatspreis f\u00fcr Gudrun Schr\u00f6fel<\/td>\n<\/tr>\n<tr class=\"row-5\">\n\t<td colspan=\"4\" class=\"column-1\"><span style =\"font-weight:bold; \">2012<\/span><\/td>\n<\/tr>\n<tr class=\"row-6\">\n\t<td colspan=\"4\" class=\"column-1\">Nieders\u00e4chsischer Kunstpreis f\u00fcr Musik f\u00fcr Gudrun Schr\u00f6fel<\/td>\n<\/tr>\n<tr class=\"row-7\">\n\t<td colspan=\"4\" class=\"column-1\"><span style =\"font-weight:bold;\">2004<\/span><\/td>\n<\/tr>\n<tr class=\"row-8\">\n\t<td colspan=\"4\" class=\"column-1\">Verdienstkreuz Erster Klasse des Nieders\u00e4chsischen Verdienstordens<br \/>\nf\u00fcr Gudrun Schr\u00f6fel<\/td>\n<\/tr>\n<tr class=\"row-9\">\n\t<td colspan=\"4\" class=\"column-1\"><span style =\"font-weight:bold;\">1998<\/span><\/td>\n<\/tr>\n<tr class=\"row-10\">\n\t<td colspan=\"4\" class=\"column-1\">Verdienstkreuz Erster Klasse des Nieders\u00e4chsischen Verdienstordens<br \/>\nf\u00fcr Ludwig Rutt<br \/>\n<br \/>\nNieders\u00e4chsischer Kunstpreis Musik f\u00fcr Gudrun Schr\u00f6fel<\/td>\n<\/tr>\n<tr class=\"row-11\">\n\t<td colspan=\"4\" class=\"column-1\"><span style =\"font-weight:bold;\">1987<\/span><\/td>\n<\/tr>\n<tr class=\"row-12\">\n\t<td colspan=\"4\" class=\"column-1\">Niedersachsen Preis f\u00fcr Kultur, Musik<\/td>\n<\/tr>\n<tr class=\"row-13\">\n\t<td colspan=\"4\" class=\"column-1\"><span style =\"font-weight:bold;\">1986<\/span><\/td>\n<\/tr>\n<tr class=\"row-14\">\n\t<td colspan=\"4\" class=\"column-1\">Verleihung der Hannoverschen Stadtplakette<\/td>\n<\/tr>\n<tr class=\"row-15\">\n\t<td colspan=\"4\" class=\"column-1\"><span style =\"font-weight:bold;\">1982<\/span><\/td>\n<\/tr>\n<tr class=\"row-16\">\n\t<td colspan=\"4\" class=\"column-1\">Bernhard Sprengel Preis f\u00fcr Musik<\/td>\n<\/tr>\n<tr class=\"row-17\">\n\t<td colspan=\"4\" class=\"column-1\"><span style =\"font-weight:bold;\">1977<\/span><\/td>\n<\/tr>\n<tr class=\"row-18\">\n\t<td colspan=\"4\" class=\"column-1\">Verleihung des Bundesverdienstkreuzes an Ludwig Rutt<\/td>\n<\/tr>\n<tr class=\"row-19\">\n\t<td colspan=\"4\" class=\"column-1\"><span style =\"font-weight:bold;\">1958<\/span><\/td>\n<\/tr>\n<tr class=\"row-20\">\n\t<td colspan=\"4\" class=\"column-1\">Verleihung des Hannoverschen Stadtwappens<\/td>\n<\/tr>\n<\/tbody>\n<\/table>\n<!-- #tablepress-117 from cache -->                    <\/div>\n\t\t                    <\/div>\n        <\/div>\n\t\t\t\t<\/div>\n\t\t\t\t<\/div>\n\t\t\t\t\t<\/div>\n\t\t<\/div>\n\t\t\t\t\t<\/div>\n\t\t<\/section>\n\t\t\t\t<section class=\"elementor-section elementor-top-section elementor-element elementor-element-2601385 elementor-section-boxed elementor-section-height-default elementor-section-height-default\" data-id=\"2601385\" data-element_type=\"section\" data-e-type=\"section\">\n\t\t\t\t\t\t<div class=\"elementor-container elementor-column-gap-default\">\n\t\t\t\t\t<div class=\"elementor-column elementor-col-100 elementor-top-column elementor-element elementor-element-ab3b3a5\" data-id=\"ab3b3a5\" data-element_type=\"column\" data-e-type=\"column\">\n\t\t\t<div class=\"elementor-widget-wrap\">\n\t\t\t\t\t\t\t<\/div>\n\t\t<\/div>\n\t\t\t\t\t<\/div>\n\t\t<\/section>\n\t\t\t\t<\/div>\n\t\t","protected":false},"excerpt":{"rendered":"<p>Konzertchor Biographie Leitung Auszeichnungen Repertoire Reisen Ein R\u00fcckblick Chronik Hamburger [&hellip;]<\/p>\n","protected":false},"author":1,"featured_media":0,"parent":0,"menu_order":0,"comment_status":"closed","ping_status":"closed","template":"elementor_header_footer","meta":{"footnotes":""},"class_list":["post-23669","page","type-page","status-publish","hentry"],"_links":{"self":[{"href":"https:\/\/maedchenchor-hannover.de\/index.php?rest_route=\/wp\/v2\/pages\/23669","targetHints":{"allow":["GET"]}}],"collection":[{"href":"https:\/\/maedchenchor-hannover.de\/index.php?rest_route=\/wp\/v2\/pages"}],"about":[{"href":"https:\/\/maedchenchor-hannover.de\/index.php?rest_route=\/wp\/v2\/types\/page"}],"author":[{"embeddable":true,"href":"https:\/\/maedchenchor-hannover.de\/index.php?rest_route=\/wp\/v2\/users\/1"}],"replies":[{"embeddable":true,"href":"https:\/\/maedchenchor-hannover.de\/index.php?rest_route=%2Fwp%2Fv2%2Fcomments&post=23669"}],"version-history":[{"count":156,"href":"https:\/\/maedchenchor-hannover.de\/index.php?rest_route=\/wp\/v2\/pages\/23669\/revisions"}],"predecessor-version":[{"id":42599,"href":"https:\/\/maedchenchor-hannover.de\/index.php?rest_route=\/wp\/v2\/pages\/23669\/revisions\/42599"}],"wp:attachment":[{"href":"https:\/\/maedchenchor-hannover.de\/index.php?rest_route=%2Fwp%2Fv2%2Fmedia&parent=23669"}],"curies":[{"name":"wp","href":"https:\/\/api.w.org\/{rel}","templated":true}]}}